{"id":8526,"date":"2024-01-17T21:20:25","date_gmt":"2024-01-17T20:20:25","guid":{"rendered":"https:\/\/sentistocks.com\/?page_id=8526"},"modified":"2024-02-05T18:47:35","modified_gmt":"2024-02-05T17:47:35","slug":"reset-hasla","status":"publish","type":"page","link":"https:\/\/sentistocks.com\/pl\/reset-hasla\/","title":{"rendered":"Reset has\u0142a"},"content":{"rendered":"\t\t<div data-elementor-type=\"wp-page\" data-elementor-id=\"8526\" class=\"elementor elementor-8526 elementor-7582\" data-elementor-post-type=\"page\">\n\t\t\t\t<div class=\"elementor-element elementor-element-6f2adf09 e-flex e-con-boxed e-con e-parent\" data-id=\"6f2adf09\" data-element_type=\"container\" data-e-type=\"container\">\n\t\t\t\t\t<div class=\"e-con-inner\">\n\t\t\t\t<div class=\"elementor-element elementor-element-9c503e4 elementor-widget elementor-widget-text-editor\" data-id=\"9c503e4\" data-element_type=\"widget\" data-e-type=\"widget\" data-widget_type=\"text-editor.default\">\n\t\t\t\t<div class=\"elementor-widget-container\">\n\t\t\t\t\t\t\t\t\t<p>Wprowad\u017a poni\u017cej swoj\u0105 nazw\u0119 u\u017cytkownika lub adres e-mail. Otrzymasz link do potwierdzenia \u017c\u0105dania za po\u015brednictwem wiadomo\u015bci e-mail.<\/p><p>Zostanie wygenerowane nowe has\u0142o, kt\u00f3re b\u0119dzie mo\u017cna p\u00f3\u017aniej zmieni\u0107 w sekcji Moje Konto.<\/p>\t\t\t\t\t\t\t\t<\/div>\n\t\t\t\t<\/div>\n\t\t\t\t<div class=\"elementor-element elementor-element-1a8dc9d1 elementor-widget elementor-widget-text-editor\" data-id=\"1a8dc9d1\" data-element_type=\"widget\" data-e-type=\"widget\" data-widget_type=\"text-editor.default\">\n\t\t\t\t<div class=\"elementor-widget-container\">\n\t\t\t\t\t\t\t\t\t\r\n<div class=\"uap-pass-form-wrap uap-login-template-13\">\r\r\n\t<form method=\"post\" >\r\r\n\t\t<input type=\"hidden\" name=\"uap_reset_password_nonce\" value=\"02fde2f22b\" \/>\r\r\n\t\t<input name=\"uapaction\" type=\"hidden\" value=\"reset_pass\">\r\r\n\r\r\n\t\r\n                \t<div class=\"uap-form-pass-additional-content\">\r\r\n\t\t\t\t\tTo reset your password, please enter your email address or username below\r\n\t\t\t\t\t<\/div>\r\r\n\t\t\t<div class=\"uap-form-line-fr\">\r\r\n\t\t\t\t  <input type=\"text\" value=\"\" name=\"email_or_userlogin\" class=\"uap-email-field\" placeholder=\"Enter your username or email\" \/>\r\r\n\t\t\t<\/div>\r\r\n\t\t\t<div class=\"uap-form-line-fr uap-form-submit\">\r\r\n\t\t\t\t<input type=\"submit\" value=\"Reset My Password\" name=\"Submit\" class=\"uap-reset-password-button\" \/>\r\r\n\t\t\t<\/div>\r\r\n\t\t\r\n\r\r\n\t<\/form>\r\r\n\t\r\n<\/div>\r\r\n\t\t\t\t\t\t\t\t<\/div>\n\t\t\t\t<\/div>\n\t\t\t\t\t<\/div>\n\t\t\t\t<\/div>\n\t\t\t\t<\/div>\n\t\t","protected":false},"excerpt":{"rendered":"<p>Wprowad\u017a poni\u017cej swoj\u0105 nazw\u0119 u\u017cytkownika lub adres e-mail. Otrzymasz link do potwierdzenia \u017c\u0105dania za po\u015brednictwem wiadomo\u015bci e-mail. Zostanie wygenerowane nowe has\u0142o, kt\u00f3re b\u0119dzie mo\u017cna p\u00f3\u017aniej zmieni\u0107 w sekcji Moje Konto.<\/p>\n","protected":false},"author":2,"featured_media":0,"parent":0,"menu_order":0,"comment_status":"closed","ping_status":"closed","template":"","meta":{"inline_featured_image":false,"footnotes":""},"class_list":["post-8526","page","type-page","status-publish","hentry"],"aioseo_notices":[],"_links":{"self":[{"href":"https:\/\/sentistocks.com\/pl\/wp-json\/wp\/v2\/pages\/8526","targetHints":{"allow":["GET"]}}],"collection":[{"href":"https:\/\/sentistocks.com\/pl\/wp-json\/wp\/v2\/pages"}],"about":[{"href":"https:\/\/sentistocks.com\/pl\/wp-json\/wp\/v2\/types\/page"}],"author":[{"embeddable":true,"href":"https:\/\/sentistocks.com\/pl\/wp-json\/wp\/v2\/users\/2"}],"replies":[{"embeddable":true,"href":"https:\/\/sentistocks.com\/pl\/wp-json\/wp\/v2\/comments?post=8526"}],"version-history":[{"count":10,"href":"https:\/\/sentistocks.com\/pl\/wp-json\/wp\/v2\/pages\/8526\/revisions"}],"predecessor-version":[{"id":8538,"href":"https:\/\/sentistocks.com\/pl\/wp-json\/wp\/v2\/pages\/8526\/revisions\/8538"}],"wp:attachment":[{"href":"https:\/\/sentistocks.com\/pl\/wp-json\/wp\/v2\/media?parent=8526"}],"curies":[{"name":"wp","href":"https:\/\/api.w.org\/{rel}","templated":true}]}}