{"id":8515,"date":"2024-01-17T21:20:25","date_gmt":"2024-01-17T20:20:25","guid":{"rendered":"https:\/\/sentistocks.com\/?page_id=8515"},"modified":"2024-02-05T18:34:38","modified_gmt":"2024-02-05T17:34:38","slug":"logowanie-partnera","status":"publish","type":"page","link":"https:\/\/sentistocks.com\/pl\/logowanie-partnera\/","title":{"rendered":"Logowanie Partnera"},"content":{"rendered":"\t\t<div data-elementor-type=\"wp-page\" data-elementor-id=\"8515\" class=\"elementor elementor-8515 elementor-7580\" data-elementor-post-type=\"page\">\n\t\t\t\t<div class=\"elementor-element elementor-element-5a2f19e0 e-flex e-con-boxed e-con e-parent\" data-id=\"5a2f19e0\" data-element_type=\"container\" data-e-type=\"container\">\n\t\t\t\t\t<div class=\"e-con-inner\">\n\t\t\t\t<div class=\"elementor-element elementor-element-2e642864 elementor-widget elementor-widget-text-editor\" data-id=\"2e642864\" data-element_type=\"widget\" data-e-type=\"widget\" data-widget_type=\"text-editor.default\">\n\t\t\t\t<div class=\"elementor-widget-container\">\n\t\t\t\t\t\t\t\t\t<div class=\"uap-login-form-wrap uap-login-template-13\"><form method=\"post\" id=\"uap_login_form\"><input type=\"hidden\" name=\"uapaction\" value=\"login\" \/><div class=\"uap-form-line-fr\"><span class=\"uap-form-label-fr uap-form-label-username\">Nazwa u\u017cytkownika:<\/span><input id=\"uap_login_username\" type=\"text\" value=\"\" name=\"log\" \/><\/div><div class=\"uap-form-line-fr uap-form-line-fr-margin\"><span class=\"uap-form-label-fr uap-form-label-pass\">Has\u0142o:<\/span><input type=\"password\" id=\"uap_login_password\" value=\"\" name=\"pwd\" \/><\/div><div class=\"uap-temp5-row\"><div class=\"uap-remember-wrapper\"><input type=\"checkbox\" value=\"forever\" name=\"rememberme\" class=\"uap-form-input-remember\" \/><span class=\"uap-form-label-fr uap-form-label-remember\">Zapami\u0119taj mnie<\/span> <\/div><\/div><div class=\"uap-temp5-row\"><div class=\"uap-temp5-row-left\"><div class=\"uap-form-submit\"><input type=\"submit\" value=\"Zaloguj si\u0119\" name=\"Submit\" \/><\/div><\/div><div class=\"uap-temp5-row-right\"><div class=\"uap-form-links-reg\"><a href=\"https:\/\/sentistocks.com\/affiliate-signup\/\">Register<\/a><\/div><\/div><div class=\"uap-clear\"><\/div><\/div><div class=\"uap-temp5-row\"><div class=\"uap-form-links-pass\"><a href=\"https:\/\/sentistocks.com\/lost-password\/\">Zapomnia\u0142e\u015b has\u0142a?<\/a><\/div><\/div><input type='hidden' value='02dd865925' name='uap_login_nonce' \/><\/form>\r\r\n\t<span class=\"uap-js-login-form-details\"\r\r\n\tdata-username_selector=\"#uap_login_username\"\r\r\n\tdata-password_selector=\"#uap_login_password\"\r\r\n\tdata-error_message=\"Please complete all require fields!\"><\/span>\r\r\n\t<\/div>\t\t\t\t\t\t\t\t<\/div>\n\t\t\t\t<\/div>\n\t\t\t\t\t<\/div>\n\t\t\t\t<\/div>\n\t\t\t\t<\/div>\n\t\t","protected":false},"excerpt":{"rendered":"","protected":false},"author":2,"featured_media":0,"parent":0,"menu_order":0,"comment_status":"closed","ping_status":"closed","template":"","meta":{"inline_featured_image":false,"footnotes":""},"class_list":["post-8515","page","type-page","status-publish","hentry"],"aioseo_notices":[],"_links":{"self":[{"href":"https:\/\/sentistocks.com\/pl\/wp-json\/wp\/v2\/pages\/8515","targetHints":{"allow":["GET"]}}],"collection":[{"href":"https:\/\/sentistocks.com\/pl\/wp-json\/wp\/v2\/pages"}],"about":[{"href":"https:\/\/sentistocks.com\/pl\/wp-json\/wp\/v2\/types\/page"}],"author":[{"embeddable":true,"href":"https:\/\/sentistocks.com\/pl\/wp-json\/wp\/v2\/users\/2"}],"replies":[{"embeddable":true,"href":"https:\/\/sentistocks.com\/pl\/wp-json\/wp\/v2\/comments?post=8515"}],"version-history":[{"count":7,"href":"https:\/\/sentistocks.com\/pl\/wp-json\/wp\/v2\/pages\/8515\/revisions"}],"predecessor-version":[{"id":8522,"href":"https:\/\/sentistocks.com\/pl\/wp-json\/wp\/v2\/pages\/8515\/revisions\/8522"}],"wp:attachment":[{"href":"https:\/\/sentistocks.com\/pl\/wp-json\/wp\/v2\/media?parent=8515"}],"curies":[{"name":"wp","href":"https:\/\/api.w.org\/{rel}","templated":true}]}}