{"id":7495,"date":"2024-01-03T21:26:35","date_gmt":"2024-01-03T20:26:35","guid":{"rendered":"https:\/\/sentistocks.com\/team\/piotr-bialowas\/"},"modified":"2024-01-17T19:22:48","modified_gmt":"2024-01-17T18:22:48","slug":"piotr-bialowas","status":"publish","type":"page","link":"https:\/\/sentistocks.com\/pl\/team\/piotr-bialowas\/","title":{"rendered":"Piotr Bia\u0142ow\u0105s"},"content":{"rendered":"\t\t<div data-elementor-type=\"wp-page\" data-elementor-id=\"7495\" class=\"elementor elementor-7495 elementor-884\" data-elementor-post-type=\"page\">\n\t\t\t\t<div class=\"elementor-element elementor-element-716936f e-flex e-con-boxed e-con e-parent\" data-id=\"716936f\" data-element_type=\"container\" data-e-type=\"container\">\n\t\t\t\t\t<div class=\"e-con-inner\">\n\t\t<div class=\"elementor-element elementor-element-4f34bd5 e-grid e-con-boxed e-con e-child\" data-id=\"4f34bd5\" data-element_type=\"container\" data-e-type=\"container\">\n\t\t\t\t\t<div class=\"e-con-inner\">\n\t\t\t\t<div class=\"elementor-element elementor-element-c8c265e elementor-widget elementor-widget-image\" data-id=\"c8c265e\" data-element_type=\"widget\" data-e-type=\"widget\" data-widget_type=\"image.default\">\n\t\t\t\t<div class=\"elementor-widget-container\">\n\t\t\t\t\t\t\t\t\t\t\t\t\t\t\t<img fetchpriority=\"high\" decoding=\"async\" width=\"300\" height=\"250\" src=\"https:\/\/sentistocks.com\/wp-content\/uploads\/2024\/01\/Sentistocks-piotr_bialowas.webp\" class=\"attachment-medium size-medium wp-image-865\" alt=\"Piotr Bia\u0142ow\u0105s\" title=\"Sentistocks piotrbialowas Sentistocks\" \/>\t\t\t\t\t\t\t\t\t\t\t\t\t\t\t<\/div>\n\t\t\t\t<\/div>\n\t\t<div class=\"elementor-element elementor-element-b4dd906 e-flex e-con-boxed e-con e-child\" data-id=\"b4dd906\" data-element_type=\"container\" data-e-type=\"container\">\n\t\t\t\t\t<div class=\"e-con-inner\">\n\t\t\t\t<div class=\"elementor-element elementor-element-afd0e9a elementor-widget elementor-widget-heading\" data-id=\"afd0e9a\" data-element_type=\"widget\" data-e-type=\"widget\" data-widget_type=\"heading.default\">\n\t\t\t\t<div class=\"elementor-widget-container\">\n\t\t\t\t\t<h2 class=\"elementor-heading-title elementor-size-default\">Piotr Bia\u0142ow\u0105s<\/h2>\t\t\t\t<\/div>\n\t\t\t\t<\/div>\n\t\t\t\t<div class=\"elementor-element elementor-element-ae409b6 elementor-widget elementor-widget-text-editor\" data-id=\"ae409b6\" data-element_type=\"widget\" data-e-type=\"widget\" data-widget_type=\"text-editor.default\">\n\t\t\t\t<div class=\"elementor-widget-container\">\n\t\t\t\t\t\t\t\t\t<p>Absolwent Wydzia\u0142u Zarz\u0105dzania i Marketingu Politechniki Zielonog\u00f3rskiej. Od kilkunastu lat wsp\u00f3\u0142pracuje z podmiotami \u015bwiadcz\u0105cymi us\u0142ugi doradcze i inwestycyjne na rynku kapita\u0142owym w Europie \u015arodkowo-Wschodniej. Praktyka w organach nadzorczych sp\u00f3\u0142ek publicznych i prywatnych oraz komitet\u00f3w inwestycyjnych IOB. Do\u015bwiadczenie w business developmencie sp\u00f3\u0142ek z sektora OZE (offshore wind, PV). Posiada Certyfikat Doradcy w Alternatywnym Systemie Obrotu (nr 105\/2011). Cz\u0142onek S\u0105du Kole\u017ce\u0144skiego przy Polsko-Rumu\u0144skiej Izbie Przemys\u0142owo-Handlowej.     <\/p>\n\t\t\t\t\t\t\t\t<\/div>\n\t\t\t\t<\/div>\n\t\t\t\t\t<\/div>\n\t\t\t\t<\/div>\n\t\t\t\t\t<\/div>\n\t\t\t\t<\/div>\n\t\t\t\t\t<\/div>\n\t\t\t\t<\/div>\n\t\t\t\t<\/div>\n\t\t","protected":false},"excerpt":{"rendered":"<p>Piotr Bia\u0142ow\u0105s Absolwent Wydzia\u0142u Zarz\u0105dzania i Marketingu Politechniki Zielonog\u00f3rskiej. Od kilkunastu lat wsp\u00f3\u0142pracuje z podmiotami \u015bwiadcz\u0105cymi us\u0142ugi doradcze i inwestycyjne na rynku kapita\u0142owym w Europie \u015arodkowo-Wschodniej. Praktyka w organach nadzorczych sp\u00f3\u0142ek publicznych i prywatnych oraz komitet\u00f3w inwestycyjnych IOB. Do\u015bwiadczenie w business developmencie sp\u00f3\u0142ek z sektora OZE (offshore wind, PV). Posiada Certyfikat Doradcy w Alternatywnym Systemie [&hellip;]<\/p>\n","protected":false},"author":3,"featured_media":0,"parent":7470,"menu_order":0,"comment_status":"closed","ping_status":"closed","template":"","meta":{"inline_featured_image":false,"footnotes":""},"class_list":["post-7495","page","type-page","status-publish","hentry"],"aioseo_notices":[],"_links":{"self":[{"href":"https:\/\/sentistocks.com\/pl\/wp-json\/wp\/v2\/pages\/7495","targetHints":{"allow":["GET"]}}],"collection":[{"href":"https:\/\/sentistocks.com\/pl\/wp-json\/wp\/v2\/pages"}],"about":[{"href":"https:\/\/sentistocks.com\/pl\/wp-json\/wp\/v2\/types\/page"}],"author":[{"embeddable":true,"href":"https:\/\/sentistocks.com\/pl\/wp-json\/wp\/v2\/users\/3"}],"replies":[{"embeddable":true,"href":"https:\/\/sentistocks.com\/pl\/wp-json\/wp\/v2\/comments?post=7495"}],"version-history":[{"count":1,"href":"https:\/\/sentistocks.com\/pl\/wp-json\/wp\/v2\/pages\/7495\/revisions"}],"predecessor-version":[{"id":7496,"href":"https:\/\/sentistocks.com\/pl\/wp-json\/wp\/v2\/pages\/7495\/revisions\/7496"}],"up":[{"embeddable":true,"href":"https:\/\/sentistocks.com\/pl\/wp-json\/wp\/v2\/pages\/7470"}],"wp:attachment":[{"href":"https:\/\/sentistocks.com\/pl\/wp-json\/wp\/v2\/media?parent=7495"}],"curies":[{"name":"wp","href":"https:\/\/api.w.org\/{rel}","templated":true}]}}