{"id":7493,"date":"2024-01-03T21:25:56","date_gmt":"2024-01-03T20:25:56","guid":{"rendered":"https:\/\/sentistocks.com\/team\/grzegorz-stefanski\/"},"modified":"2024-01-17T19:22:10","modified_gmt":"2024-01-17T18:22:10","slug":"grzegorz-stefanski","status":"publish","type":"page","link":"https:\/\/sentistocks.com\/pl\/team\/grzegorz-stefanski\/","title":{"rendered":"Grzegorz Stefa\u0144ski"},"content":{"rendered":"\t\t<div data-elementor-type=\"wp-page\" data-elementor-id=\"7493\" class=\"elementor elementor-7493 elementor-879\" data-elementor-post-type=\"page\">\n\t\t\t\t<div class=\"elementor-element elementor-element-1734a61 e-flex e-con-boxed e-con e-parent\" data-id=\"1734a61\" data-element_type=\"container\" data-e-type=\"container\">\n\t\t\t\t\t<div class=\"e-con-inner\">\n\t\t<div class=\"elementor-element elementor-element-2678adf e-grid e-con-boxed e-con e-child\" data-id=\"2678adf\" data-element_type=\"container\" data-e-type=\"container\">\n\t\t\t\t\t<div class=\"e-con-inner\">\n\t\t\t\t<div class=\"elementor-element elementor-element-3757fc0 elementor-widget elementor-widget-image\" data-id=\"3757fc0\" data-element_type=\"widget\" data-e-type=\"widget\" data-widget_type=\"image.default\">\n\t\t\t\t<div class=\"elementor-widget-container\">\n\t\t\t\t\t\t\t\t\t\t\t\t\t\t\t<img fetchpriority=\"high\" decoding=\"async\" width=\"300\" height=\"250\" src=\"https:\/\/sentistocks.com\/wp-content\/uploads\/2024\/01\/Sentistocks-grzegorz-stefanski.webp\" class=\"attachment-medium size-medium wp-image-861\" alt=\"Grzegorz Stefa\u0144ski\" title=\"Sentistocks grzegorzstefanski Sentistocks\" \/>\t\t\t\t\t\t\t\t\t\t\t\t\t\t\t<\/div>\n\t\t\t\t<\/div>\n\t\t<div class=\"elementor-element elementor-element-5d87429 e-flex e-con-boxed e-con e-child\" data-id=\"5d87429\" data-element_type=\"container\" data-e-type=\"container\">\n\t\t\t\t\t<div class=\"e-con-inner\">\n\t\t\t\t<div class=\"elementor-element elementor-element-a41fad9 elementor-widget elementor-widget-heading\" data-id=\"a41fad9\" data-element_type=\"widget\" data-e-type=\"widget\" data-widget_type=\"heading.default\">\n\t\t\t\t<div class=\"elementor-widget-container\">\n\t\t\t\t\t<h2 class=\"elementor-heading-title elementor-size-default\">Grzegorz Stefa\u0144ski<\/h2>\t\t\t\t<\/div>\n\t\t\t\t<\/div>\n\t\t\t\t<div class=\"elementor-element elementor-element-2207e3b elementor-widget elementor-widget-text-editor\" data-id=\"2207e3b\" data-element_type=\"widget\" data-e-type=\"widget\" data-widget_type=\"text-editor.default\">\n\t\t\t\t<div class=\"elementor-widget-container\">\n\t\t\t\t\t\t\t\t\t<p>CFO<\/p>\n<p>Absolwent wydzia\u0142u prawa i administracji Uniwersytetu im. Adama Mickiewicza w Poznaniu.<\/p>\n<p>Sta\u017cysta w Institut Francais de Gestion w zakresie strategicznego zarz\u0105dzania firmami.<\/p>\n<p>Wieloletni pracownik sektora finansowego i produkcyjnego. Pe\u0142ni\u0142 mi\u0119dzy innymi funkcje wiceprezesa zarz\u0105du w Banku Staropolskim S.A. i w Polskim Funduszu Kapita\u0142owym S.A. a tak\u017ce dyrektora finansowego \u2013 cz\u0142onka zarz\u0105du w Zielonog\u00f3rskich Fabrykach Mebli ZEFAM S.A. <\/p>\n<p>Tw\u00f3rca autorskich program\u00f3w do diagnoz sytuacji ekonomicznej przedsi\u0119biorstw. W przesz\u0142o\u015bci wyk\u0142adowca w Wy\u017cszej Szkole Bankowej w Poznaniu oraz Wy\u017cszej Szkole Umiej\u0119tno\u015bci Spo\u0142ecznych w Poznaniu (finanse i zarz\u0105dzanie strategiczne). <\/p>\n<p>Cz\u0142onek Polskiego Towarzystwa Ekonomicznego.<\/p>\n\t\t\t\t\t\t\t\t<\/div>\n\t\t\t\t<\/div>\n\t\t\t\t\t<\/div>\n\t\t\t\t<\/div>\n\t\t\t\t\t<\/div>\n\t\t\t\t<\/div>\n\t\t\t\t\t<\/div>\n\t\t\t\t<\/div>\n\t\t\t\t<\/div>\n\t\t","protected":false},"excerpt":{"rendered":"<p>Grzegorz Stefa\u0144ski CFO Absolwent wydzia\u0142u prawa i administracji Uniwersytetu im. Adama Mickiewicza w Poznaniu. Sta\u017cysta w Institut Francais de Gestion w zakresie strategicznego zarz\u0105dzania firmami. Wieloletni pracownik sektora finansowego i produkcyjnego. Pe\u0142ni\u0142 mi\u0119dzy innymi funkcje wiceprezesa zarz\u0105du w Banku Staropolskim S.A. i w Polskim Funduszu Kapita\u0142owym S.A. a tak\u017ce dyrektora finansowego \u2013 cz\u0142onka zarz\u0105du w [&hellip;]<\/p>\n","protected":false},"author":3,"featured_media":0,"parent":7470,"menu_order":0,"comment_status":"closed","ping_status":"closed","template":"","meta":{"inline_featured_image":false,"footnotes":""},"class_list":["post-7493","page","type-page","status-publish","hentry"],"aioseo_notices":[],"_links":{"self":[{"href":"https:\/\/sentistocks.com\/pl\/wp-json\/wp\/v2\/pages\/7493","targetHints":{"allow":["GET"]}}],"collection":[{"href":"https:\/\/sentistocks.com\/pl\/wp-json\/wp\/v2\/pages"}],"about":[{"href":"https:\/\/sentistocks.com\/pl\/wp-json\/wp\/v2\/types\/page"}],"author":[{"embeddable":true,"href":"https:\/\/sentistocks.com\/pl\/wp-json\/wp\/v2\/users\/3"}],"replies":[{"embeddable":true,"href":"https:\/\/sentistocks.com\/pl\/wp-json\/wp\/v2\/comments?post=7493"}],"version-history":[{"count":1,"href":"https:\/\/sentistocks.com\/pl\/wp-json\/wp\/v2\/pages\/7493\/revisions"}],"predecessor-version":[{"id":7494,"href":"https:\/\/sentistocks.com\/pl\/wp-json\/wp\/v2\/pages\/7493\/revisions\/7494"}],"up":[{"embeddable":true,"href":"https:\/\/sentistocks.com\/pl\/wp-json\/wp\/v2\/pages\/7470"}],"wp:attachment":[{"href":"https:\/\/sentistocks.com\/pl\/wp-json\/wp\/v2\/media?parent=7493"}],"curies":[{"name":"wp","href":"https:\/\/api.w.org\/{rel}","templated":true}]}}