{"id":7491,"date":"2024-01-03T21:27:07","date_gmt":"2024-01-03T20:27:07","guid":{"rendered":"https:\/\/sentistocks.com\/team\/ph-d-jan-kocon\/"},"modified":"2024-01-17T19:20:46","modified_gmt":"2024-01-17T18:20:46","slug":"ph-d-jan-kocon","status":"publish","type":"page","link":"https:\/\/sentistocks.com\/pl\/team\/ph-d-jan-kocon\/","title":{"rendered":"Ph.D. Jan Koco\u0144"},"content":{"rendered":"\t\t<div data-elementor-type=\"wp-page\" data-elementor-id=\"7491\" class=\"elementor elementor-7491 elementor-887\" data-elementor-post-type=\"page\">\n\t\t\t\t<div class=\"elementor-element elementor-element-621bd54 e-flex e-con-boxed e-con e-parent\" data-id=\"621bd54\" data-element_type=\"container\" data-e-type=\"container\">\n\t\t\t\t\t<div class=\"e-con-inner\">\n\t\t<div class=\"elementor-element elementor-element-018725d e-grid e-con-boxed e-con e-child\" data-id=\"018725d\" data-element_type=\"container\" data-e-type=\"container\">\n\t\t\t\t\t<div class=\"e-con-inner\">\n\t\t\t\t<div class=\"elementor-element elementor-element-8d5d35d elementor-widget elementor-widget-image\" data-id=\"8d5d35d\" data-element_type=\"widget\" data-e-type=\"widget\" data-widget_type=\"image.default\">\n\t\t\t\t<div class=\"elementor-widget-container\">\n\t\t\t\t\t\t\t\t\t\t\t\t\t\t\t<img fetchpriority=\"high\" decoding=\"async\" width=\"300\" height=\"250\" src=\"https:\/\/sentistocks.com\/wp-content\/uploads\/2024\/01\/Sentistocks-jan-kocon.webp\" class=\"attachment-medium size-medium wp-image-863\" alt=\"Piotr Bia\u0142ow\u0105s\" title=\"Sentistocks jankocon Sentistocks\" \/>\t\t\t\t\t\t\t\t\t\t\t\t\t\t\t<\/div>\n\t\t\t\t<\/div>\n\t\t<div class=\"elementor-element elementor-element-c15b969 e-flex e-con-boxed e-con e-child\" data-id=\"c15b969\" data-element_type=\"container\" data-e-type=\"container\">\n\t\t\t\t\t<div class=\"e-con-inner\">\n\t\t\t\t<div class=\"elementor-element elementor-element-02041e9 elementor-widget elementor-widget-heading\" data-id=\"02041e9\" data-element_type=\"widget\" data-e-type=\"widget\" data-widget_type=\"heading.default\">\n\t\t\t\t<div class=\"elementor-widget-container\">\n\t\t\t\t\t<h2 class=\"elementor-heading-title elementor-size-default\">Ph.D. Jan Koco\u0144<\/h2>\t\t\t\t<\/div>\n\t\t\t\t<\/div>\n\t\t\t\t<div class=\"elementor-element elementor-element-68351b5 elementor-widget elementor-widget-text-editor\" data-id=\"68351b5\" data-element_type=\"widget\" data-e-type=\"widget\" data-widget_type=\"text-editor.default\">\n\t\t\t\t<div class=\"elementor-widget-container\">\n\t\t\t\t\t\t\t\t\t<p>Specjalista w zakresie in\u017cynierii j\u0119zyka naturalnego nast\u0119puj\u0105cych obszarach badawczych: wydobywanie informacji z tekstu, analiza wyd\u017awi\u0119ku oraz klasyfikacja dokument\u00f3w z wykorzystaniem metod uczenia maszynowego. Pracuje jako adiunkt w Katedrze Inteligencji Obliczeniowej na Wydziale Informatyki i Zarz\u0105dzania Politechniki Wroc\u0142awskiej. Jest cz\u0142onkiem Grupy Technologii J\u0119zykowych G4.19, kt\u00f3ra wsp\u00f3\u0142tworzy konsorcjum CLARIN-PL.  <\/p>\n<p>W projekcie SENTIMENTI odpowiada za dob\u00f3r jednostek leksykalnych ze S\u0142owosieci, kontakt z grup\u0105 lingwist\u00f3w tworz\u0105cych ich opisy oraz za tworzenie rozwi\u0105za\u0144 wykorzystuj\u0105cych uczenie maszynowe (w tym g\u0142\u0119bokie uczenie) do automatycznej oceny emotywnej tekstu.<\/p>\n\t\t\t\t\t\t\t\t<\/div>\n\t\t\t\t<\/div>\n\t\t\t\t\t<\/div>\n\t\t\t\t<\/div>\n\t\t\t\t\t<\/div>\n\t\t\t\t<\/div>\n\t\t\t\t\t<\/div>\n\t\t\t\t<\/div>\n\t\t\t\t<\/div>\n\t\t","protected":false},"excerpt":{"rendered":"<p>Ph.D. Jan Koco\u0144 Specjalista w zakresie in\u017cynierii j\u0119zyka naturalnego nast\u0119puj\u0105cych obszarach badawczych: wydobywanie informacji z tekstu, analiza wyd\u017awi\u0119ku oraz klasyfikacja dokument\u00f3w z wykorzystaniem metod uczenia maszynowego. Pracuje jako adiunkt w Katedrze Inteligencji Obliczeniowej na Wydziale Informatyki i Zarz\u0105dzania Politechniki Wroc\u0142awskiej. Jest cz\u0142onkiem Grupy Technologii J\u0119zykowych G4.19, kt\u00f3ra wsp\u00f3\u0142tworzy konsorcjum CLARIN-PL. W projekcie SENTIMENTI odpowiada za [&hellip;]<\/p>\n","protected":false},"author":3,"featured_media":0,"parent":7470,"menu_order":0,"comment_status":"closed","ping_status":"closed","template":"","meta":{"inline_featured_image":false,"footnotes":""},"class_list":["post-7491","page","type-page","status-publish","hentry"],"aioseo_notices":[],"_links":{"self":[{"href":"https:\/\/sentistocks.com\/pl\/wp-json\/wp\/v2\/pages\/7491","targetHints":{"allow":["GET"]}}],"collection":[{"href":"https:\/\/sentistocks.com\/pl\/wp-json\/wp\/v2\/pages"}],"about":[{"href":"https:\/\/sentistocks.com\/pl\/wp-json\/wp\/v2\/types\/page"}],"author":[{"embeddable":true,"href":"https:\/\/sentistocks.com\/pl\/wp-json\/wp\/v2\/users\/3"}],"replies":[{"embeddable":true,"href":"https:\/\/sentistocks.com\/pl\/wp-json\/wp\/v2\/comments?post=7491"}],"version-history":[{"count":1,"href":"https:\/\/sentistocks.com\/pl\/wp-json\/wp\/v2\/pages\/7491\/revisions"}],"predecessor-version":[{"id":7492,"href":"https:\/\/sentistocks.com\/pl\/wp-json\/wp\/v2\/pages\/7491\/revisions\/7492"}],"up":[{"embeddable":true,"href":"https:\/\/sentistocks.com\/pl\/wp-json\/wp\/v2\/pages\/7470"}],"wp:attachment":[{"href":"https:\/\/sentistocks.com\/pl\/wp-json\/wp\/v2\/media?parent=7491"}],"curies":[{"name":"wp","href":"https:\/\/api.w.org\/{rel}","templated":true}]}}