{"id":7486,"date":"2024-01-03T21:23:37","date_gmt":"2024-01-03T20:23:37","guid":{"rendered":"https:\/\/sentistocks.com\/team\/damian-grimling\/"},"modified":"2024-01-17T19:19:27","modified_gmt":"2024-01-17T18:19:27","slug":"damian-grimling","status":"publish","type":"page","link":"https:\/\/sentistocks.com\/pl\/team\/damian-grimling\/","title":{"rendered":"Damian Grimling"},"content":{"rendered":"\t\t<div data-elementor-type=\"wp-page\" data-elementor-id=\"7486\" class=\"elementor elementor-7486 elementor-877\" data-elementor-post-type=\"page\">\n\t\t\t\t<div class=\"elementor-element elementor-element-687ddfa e-flex e-con-boxed e-con e-parent\" data-id=\"687ddfa\" data-element_type=\"container\" data-e-type=\"container\">\n\t\t\t\t\t<div class=\"e-con-inner\">\n\t\t<div class=\"elementor-element elementor-element-741a7aa e-grid e-con-boxed e-con e-child\" data-id=\"741a7aa\" data-element_type=\"container\" data-e-type=\"container\">\n\t\t\t\t\t<div class=\"e-con-inner\">\n\t\t\t\t<div class=\"elementor-element elementor-element-d68259c elementor-widget elementor-widget-image\" data-id=\"d68259c\" data-element_type=\"widget\" data-e-type=\"widget\" data-widget_type=\"image.default\">\n\t\t\t\t<div class=\"elementor-widget-container\">\n\t\t\t\t\t\t\t\t\t\t\t\t\t\t\t<img fetchpriority=\"high\" decoding=\"async\" width=\"300\" height=\"250\" src=\"https:\/\/sentistocks.com\/wp-content\/uploads\/2024\/01\/Sentistocks-damian-grimling.webp\" class=\"attachment-medium size-medium wp-image-859\" alt=\"Damian Grimling\" title=\"Sentistocks damiangrimling Sentistocks\" \/>\t\t\t\t\t\t\t\t\t\t\t\t\t\t\t<\/div>\n\t\t\t\t<\/div>\n\t\t<div class=\"elementor-element elementor-element-08049af e-flex e-con-boxed e-con e-child\" data-id=\"08049af\" data-element_type=\"container\" data-e-type=\"container\">\n\t\t\t\t\t<div class=\"e-con-inner\">\n\t\t\t\t<div class=\"elementor-element elementor-element-a5a2274 elementor-widget elementor-widget-heading\" data-id=\"a5a2274\" data-element_type=\"widget\" data-e-type=\"widget\" data-widget_type=\"heading.default\">\n\t\t\t\t<div class=\"elementor-widget-container\">\n\t\t\t\t\t<h2 class=\"elementor-heading-title elementor-size-default\">Damian Grimling<\/h2>\t\t\t\t<\/div>\n\t\t\t\t<\/div>\n\t\t\t\t<div class=\"elementor-element elementor-element-fc6eb82 elementor-widget elementor-widget-text-editor\" data-id=\"fc6eb82\" data-element_type=\"widget\" data-e-type=\"widget\" data-widget_type=\"text-editor.default\">\n\t\t\t\t<div class=\"elementor-widget-container\">\n\t\t\t\t\t\t\t\t\t<p><strong>CEO <a href=\"https:\/\/sentimenti.pl\/\" target=\"_blank\" rel=\"noopener\">Sentimenti<\/a> i Sentistocks<\/strong><\/p>\n<p>Wsp\u00f3\u0142autor publikacji naukowych i artyku\u0142\u00f3w z zakresu rozpoznawania emocji, uczenia maszynowego, przetwarzania j\u0119zyka naturalnego. Emocjonalny w s\u0142owach i czynach, pewnie dlatego pomys\u0142odawca Sentimenti. <\/p>\n<p>Go\u015b\u0107 podcast\u00f3w Google, wybrany do listy 50 po 50 miesi\u0119cznika Forbes, nominowany jako Founder of the Year \u201923 Global Startup Awards. Prelegent mi\u0119dzynarodowych konferencji naukowych i biznesowych. <\/p>\n<p>Z wykszta\u0142cenia niemiecki kupiec, z pochodzenia \u015al\u0105zak, z zasiedzenia Wielkopolanin. <\/p>\n\t\t\t\t\t\t\t\t<\/div>\n\t\t\t\t<\/div>\n\t\t\t\t<div class=\"elementor-element elementor-element-deb776d elementor-icon-list--layout-inline elementor-list-item-link-full_width elementor-widget elementor-widget-icon-list\" data-id=\"deb776d\" data-element_type=\"widget\" data-e-type=\"widget\" data-widget_type=\"icon-list.default\">\n\t\t\t\t<div class=\"elementor-widget-container\">\n\t\t\t\t\t\t\t<ul class=\"elementor-icon-list-items elementor-inline-items\">\n\t\t\t\t\t\t\t<li class=\"elementor-icon-list-item elementor-inline-item\">\n\t\t\t\t\t\t\t\t\t\t\t<a href=\"https:\/\/www.linkedin.com\/in\/grimling-damian\/\">\n\n\t\t\t\t\t\t\t\t\t\t\t\t<span class=\"elementor-icon-list-icon\">\n\t\t\t\t\t\t\t<svg xmlns=\"http:\/\/www.w3.org\/2000\/svg\" height=\"16\" width=\"14\" viewBox=\"0 0 448 512\"><path d=\"M100.3 448H7.4V148.9h92.9zM53.8 108.1C24.1 108.1 0 83.5 0 53.8a53.8 53.8 0 0 1 107.6 0c0 29.7-24.1 54.3-53.8 54.3zM447.9 448h-92.7V302.4c0-34.7-.7-79.2-48.3-79.2-48.3 0-55.7 37.7-55.7 76.7V448h-92.8V148.9h89.1v40.8h1.3c12.4-23.5 42.7-48.3 87.9-48.3 94 0 111.3 61.9 111.3 142.3V448z\"><\/path><\/svg>\t\t\t\t\t\t<\/span>\n\t\t\t\t\t\t\t\t\t\t<span class=\"elementor-icon-list-text\"><\/span>\n\t\t\t\t\t\t\t\t\t\t\t<\/a>\n\t\t\t\t\t\t\t\t\t<\/li>\n\t\t\t\t\t\t\t\t<li class=\"elementor-icon-list-item elementor-inline-item\">\n\t\t\t\t\t\t\t\t\t\t\t<a href=\"https:\/\/www.researchgate.net\/profile\/Damian-Grimling\">\n\n\t\t\t\t\t\t\t\t\t\t\t\t<span class=\"elementor-icon-list-icon\">\n\t\t\t\t\t\t\t<svg xmlns=\"http:\/\/www.w3.org\/2000\/svg\" aria-label=\"Research Gate\" viewBox=\"0 0 512 512\"><rect width=\"512\" height=\"512\" rx=\"15%\" fill=\"#00d0af\"><\/rect><g fill=\"#feffff\"><path d=\"m271 383c-15-4-23-10-36-26-9-12-26-39-35-53l-6-11h-24l0 34c1 43 0 42 19 45l10 1 0 4 0 4h-80l0-4c0-4 1-4 9-6 10-2 14-5 15-14 1-4 1-31 1-79-0-70-1-72-3-77-3-5-7-7-18-8-4-1-5-1-5-5v-4l43-1c55-1 65 0 81 11 15 10 22 24 20 43-1 21-17 42-37 50-4 1-7 3-7 3 0 2 17 28 28 43 15 21 27 32 36 37 4 2 9 3 10 3 3 0 3 1 3 4 0 3-1 5-2 5-5 2-19 2-26 0zm-57-109c14-7 22-18 23-35 1-13-2-22-10-30-9-10-25-14-48-12l-10 1v39c0 36 0 40 2 40 1 0 9 1 18 0 14-0 17-1 24-4z\"><\/path><path d=\"m321 228c-25-4-34-20-32-61 1-21 3-30 11-38 7-7 13-9 25-10 13-1 21 2 29 8 5 4 9 10 9 13 0 1-3 2-6 4l-6 3-3-3c-5-6-9-9-14-11-10-3-20 2-25 11-3 5-3 6-3 29 0 22 0 25 3 29 4 7 12 11 21 10 13-1 20-10 20-24v-7l-10-0-10-0v-13h36l-0 15c-0 12-1 16-3 22-6 15-23 24-42 22z\"><\/path><\/g><\/svg>\t\t\t\t\t\t<\/span>\n\t\t\t\t\t\t\t\t\t\t<span class=\"elementor-icon-list-text\"><\/span>\n\t\t\t\t\t\t\t\t\t\t\t<\/a>\n\t\t\t\t\t\t\t\t\t<\/li>\n\t\t\t\t\t\t<\/ul>\n\t\t\t\t\t\t<\/div>\n\t\t\t\t<\/div>\n\t\t\t\t\t<\/div>\n\t\t\t\t<\/div>\n\t\t\t\t\t<\/div>\n\t\t\t\t<\/div>\n\t\t\t\t\t<\/div>\n\t\t\t\t<\/div>\n\t\t\t\t<\/div>\n\t\t","protected":false},"excerpt":{"rendered":"<p>Damian Grimling CEO Sentimenti i Sentistocks Wsp\u00f3\u0142autor publikacji naukowych i artyku\u0142\u00f3w z zakresu rozpoznawania emocji, uczenia maszynowego, przetwarzania j\u0119zyka naturalnego. Emocjonalny w s\u0142owach i czynach, pewnie dlatego pomys\u0142odawca Sentimenti. Go\u015b\u0107 podcast\u00f3w Google, wybrany do listy 50 po 50 miesi\u0119cznika Forbes, nominowany jako Founder of the Year \u201923 Global Startup Awards. Prelegent mi\u0119dzynarodowych konferencji naukowych i [&hellip;]<\/p>\n","protected":false},"author":3,"featured_media":0,"parent":7470,"menu_order":0,"comment_status":"closed","ping_status":"closed","template":"","meta":{"inline_featured_image":false,"footnotes":""},"class_list":["post-7486","page","type-page","status-publish","hentry"],"aioseo_notices":[],"_links":{"self":[{"href":"https:\/\/sentistocks.com\/pl\/wp-json\/wp\/v2\/pages\/7486","targetHints":{"allow":["GET"]}}],"collection":[{"href":"https:\/\/sentistocks.com\/pl\/wp-json\/wp\/v2\/pages"}],"about":[{"href":"https:\/\/sentistocks.com\/pl\/wp-json\/wp\/v2\/types\/page"}],"author":[{"embeddable":true,"href":"https:\/\/sentistocks.com\/pl\/wp-json\/wp\/v2\/users\/3"}],"replies":[{"embeddable":true,"href":"https:\/\/sentistocks.com\/pl\/wp-json\/wp\/v2\/comments?post=7486"}],"version-history":[{"count":1,"href":"https:\/\/sentistocks.com\/pl\/wp-json\/wp\/v2\/pages\/7486\/revisions"}],"predecessor-version":[{"id":7487,"href":"https:\/\/sentistocks.com\/pl\/wp-json\/wp\/v2\/pages\/7486\/revisions\/7487"}],"up":[{"embeddable":true,"href":"https:\/\/sentistocks.com\/pl\/wp-json\/wp\/v2\/pages\/7470"}],"wp:attachment":[{"href":"https:\/\/sentistocks.com\/pl\/wp-json\/wp\/v2\/media?parent=7486"}],"curies":[{"name":"wp","href":"https:\/\/api.w.org\/{rel}","templated":true}]}}