{"id":7479,"date":"2024-01-03T21:26:20","date_gmt":"2024-01-03T20:26:20","guid":{"rendered":"https:\/\/sentistocks.com\/team\/bartosz-kwapisz\/"},"modified":"2024-01-17T19:14:19","modified_gmt":"2024-01-17T18:14:19","slug":"bartosz-kwapisz","status":"publish","type":"page","link":"https:\/\/sentistocks.com\/pl\/team\/bartosz-kwapisz\/","title":{"rendered":"Bartosz Kwapisz"},"content":{"rendered":"\t\t<div data-elementor-type=\"wp-page\" data-elementor-id=\"7479\" class=\"elementor elementor-7479 elementor-882\" data-elementor-post-type=\"page\">\n\t\t\t\t<div class=\"elementor-element elementor-element-c9008d5 e-flex e-con-boxed e-con e-parent\" data-id=\"c9008d5\" data-element_type=\"container\" data-e-type=\"container\">\n\t\t\t\t\t<div class=\"e-con-inner\">\n\t\t<div class=\"elementor-element elementor-element-728bb6d e-grid e-con-boxed e-con e-child\" data-id=\"728bb6d\" data-element_type=\"container\" data-e-type=\"container\">\n\t\t\t\t\t<div class=\"e-con-inner\">\n\t\t\t\t<div class=\"elementor-element elementor-element-c1d6e6f elementor-widget elementor-widget-image\" data-id=\"c1d6e6f\" data-element_type=\"widget\" data-e-type=\"widget\" data-widget_type=\"image.default\">\n\t\t\t\t<div class=\"elementor-widget-container\">\n\t\t\t\t\t\t\t\t\t\t\t\t\t\t\t<img fetchpriority=\"high\" decoding=\"async\" width=\"300\" height=\"250\" src=\"https:\/\/sentistocks.com\/wp-content\/uploads\/2024\/01\/Sentistocks-bartosz-kwapisz.webp\" class=\"attachment-medium size-medium wp-image-849\" alt=\"\" title=\"Sentistocks bartoszkwapisz Sentistocks\" \/>\t\t\t\t\t\t\t\t\t\t\t\t\t\t\t<\/div>\n\t\t\t\t<\/div>\n\t\t<div class=\"elementor-element elementor-element-58bbd3d e-flex e-con-boxed e-con e-child\" data-id=\"58bbd3d\" data-element_type=\"container\" data-e-type=\"container\">\n\t\t\t\t\t<div class=\"e-con-inner\">\n\t\t\t\t<div class=\"elementor-element elementor-element-7d3d39c elementor-widget elementor-widget-heading\" data-id=\"7d3d39c\" data-element_type=\"widget\" data-e-type=\"widget\" data-widget_type=\"heading.default\">\n\t\t\t\t<div class=\"elementor-widget-container\">\n\t\t\t\t\t<h2 class=\"elementor-heading-title elementor-size-default\">Bartosz Kwapisz<\/h2>\t\t\t\t<\/div>\n\t\t\t\t<\/div>\n\t\t\t\t<div class=\"elementor-element elementor-element-a3a3b50 elementor-widget elementor-widget-text-editor\" data-id=\"a3a3b50\" data-element_type=\"widget\" data-e-type=\"widget\" data-widget_type=\"text-editor.default\">\n\t\t\t\t<div class=\"elementor-widget-container\">\n\t\t\t\t\t\t\t\t\t<p>Programista i architekt system\u00f3w IT W swoim portfolio ma zar\u00f3wno projekty realizowane dla najwi\u0119kszych bank\u00f3w inwestycyjnych na \u015bwiecie, najwi\u0119kszych bank\u00f3w w Polsce, jak i mniejszych firm informatycznych.<\/p>\n<p>Jest wsp\u00f3\u0142za\u0142o\u017cycielem i wsp\u00f3\u0142tw\u00f3rc\u0105 startupu take&amp;drive (<a href=\"https:\/\/takeanddrive.eu\/\">https:\/\/takeanddrive.eu\/<\/a>). Z powodzeniem \u0142\u0105czy umiej\u0119tno\u015bci techniczne, perspektyw\u0119 biznesow\u0105 oraz dba\u0142o\u015b\u0107 o potrzeby u\u017cytkownik\u00f3w w projektach IT. Uwielbia czyta\u0107 (zw\u0142aszcza dobre ksi\u0105\u017cki si-fi), chodzi\u0107 po g\u00f3rach i sp\u0119dza\u0107 czas z rodzin\u0105.<\/p>\n\t\t\t\t\t\t\t\t<\/div>\n\t\t\t\t<\/div>\n\t\t\t\t\t<\/div>\n\t\t\t\t<\/div>\n\t\t\t\t\t<\/div>\n\t\t\t\t<\/div>\n\t\t\t\t\t<\/div>\n\t\t\t\t<\/div>\n\t\t\t\t<\/div>\n\t\t","protected":false},"excerpt":{"rendered":"<p>Bartosz Kwapisz Programista i architekt system\u00f3w IT W swoim portfolio ma zar\u00f3wno projekty realizowane dla najwi\u0119kszych bank\u00f3w inwestycyjnych na \u015bwiecie, najwi\u0119kszych bank\u00f3w w Polsce, jak i mniejszych firm informatycznych. Jest wsp\u00f3\u0142za\u0142o\u017cycielem i wsp\u00f3\u0142tw\u00f3rc\u0105 startupu take&amp;drive (https:\/\/takeanddrive.eu\/). Z powodzeniem \u0142\u0105czy umiej\u0119tno\u015bci techniczne, perspektyw\u0119 biznesow\u0105 oraz dba\u0142o\u015b\u0107 o potrzeby u\u017cytkownik\u00f3w w projektach IT. Uwielbia czyta\u0107 (zw\u0142aszcza dobre [&hellip;]<\/p>\n","protected":false},"author":3,"featured_media":0,"parent":7470,"menu_order":0,"comment_status":"closed","ping_status":"closed","template":"","meta":{"inline_featured_image":false,"footnotes":""},"class_list":["post-7479","page","type-page","status-publish","hentry"],"aioseo_notices":[],"_links":{"self":[{"href":"https:\/\/sentistocks.com\/pl\/wp-json\/wp\/v2\/pages\/7479","targetHints":{"allow":["GET"]}}],"collection":[{"href":"https:\/\/sentistocks.com\/pl\/wp-json\/wp\/v2\/pages"}],"about":[{"href":"https:\/\/sentistocks.com\/pl\/wp-json\/wp\/v2\/types\/page"}],"author":[{"embeddable":true,"href":"https:\/\/sentistocks.com\/pl\/wp-json\/wp\/v2\/users\/3"}],"replies":[{"embeddable":true,"href":"https:\/\/sentistocks.com\/pl\/wp-json\/wp\/v2\/comments?post=7479"}],"version-history":[{"count":1,"href":"https:\/\/sentistocks.com\/pl\/wp-json\/wp\/v2\/pages\/7479\/revisions"}],"predecessor-version":[{"id":7480,"href":"https:\/\/sentistocks.com\/pl\/wp-json\/wp\/v2\/pages\/7479\/revisions\/7480"}],"up":[{"embeddable":true,"href":"https:\/\/sentistocks.com\/pl\/wp-json\/wp\/v2\/pages\/7470"}],"wp:attachment":[{"href":"https:\/\/sentistocks.com\/pl\/wp-json\/wp\/v2\/media?parent=7479"}],"curies":[{"name":"wp","href":"https:\/\/api.w.org\/{rel}","templated":true}]}}