{"id":7477,"date":"2024-01-17T19:04:49","date_gmt":"2024-01-17T18:04:49","guid":{"rendered":"https:\/\/sentistocks.com\/team\/ai-fi\/"},"modified":"2024-01-17T19:12:35","modified_gmt":"2024-01-17T18:12:35","slug":"ai-fi","status":"publish","type":"page","link":"https:\/\/sentistocks.com\/pl\/team\/ai-fi\/","title":{"rendered":"AI-Fi"},"content":{"rendered":"\t\t<div data-elementor-type=\"wp-page\" data-elementor-id=\"7477\" class=\"elementor elementor-7477 elementor-7448\" data-elementor-post-type=\"page\">\n\t\t\t\t<div class=\"elementor-element elementor-element-c9008d5 e-flex e-con-boxed e-con e-parent\" data-id=\"c9008d5\" data-element_type=\"container\" data-e-type=\"container\">\n\t\t\t\t\t<div class=\"e-con-inner\">\n\t\t<div class=\"elementor-element elementor-element-728bb6d e-grid e-con-boxed e-con e-child\" data-id=\"728bb6d\" data-element_type=\"container\" data-e-type=\"container\">\n\t\t\t\t\t<div class=\"e-con-inner\">\n\t\t\t\t<div class=\"elementor-element elementor-element-c1d6e6f elementor-widget elementor-widget-image\" data-id=\"c1d6e6f\" data-element_type=\"widget\" data-e-type=\"widget\" data-widget_type=\"image.default\">\n\t\t\t\t<div class=\"elementor-widget-container\">\n\t\t\t\t\t\t\t\t\t\t\t\t\t\t\t<img fetchpriority=\"high\" decoding=\"async\" width=\"300\" height=\"250\" src=\"https:\/\/sentistocks.com\/wp-content\/uploads\/2024\/01\/AI-Fi_300_2-1.webp\" class=\"attachment-medium size-medium wp-image-7414\" alt=\"AI Fi\" title=\"AIFi3002 Sentistocks\" \/>\t\t\t\t\t\t\t\t\t\t\t\t\t\t\t<\/div>\n\t\t\t\t<\/div>\n\t\t<div class=\"elementor-element elementor-element-58bbd3d e-flex e-con-boxed e-con e-child\" data-id=\"58bbd3d\" data-element_type=\"container\" data-e-type=\"container\">\n\t\t\t\t\t<div class=\"e-con-inner\">\n\t\t\t\t<div class=\"elementor-element elementor-element-7d3d39c elementor-widget elementor-widget-heading\" data-id=\"7d3d39c\" data-element_type=\"widget\" data-e-type=\"widget\" data-widget_type=\"heading.default\">\n\t\t\t\t<div class=\"elementor-widget-container\">\n\t\t\t\t\t<h2 class=\"elementor-heading-title elementor-size-default\">AI-Fi<\/h2>\t\t\t\t<\/div>\n\t\t\t\t<\/div>\n\t\t\t\t<div class=\"elementor-element elementor-element-a3a3b50 elementor-widget elementor-widget-text-editor\" data-id=\"a3a3b50\" data-element_type=\"widget\" data-e-type=\"widget\" data-widget_type=\"text-editor.default\">\n\t\t\t\t<div class=\"elementor-widget-container\">\n\t\t\t\t\t\t\t\t\t<p>Nasza druga sztuczna inteligencja. Prognozuj\u0105cy z urodzenia&#8230; stworzenie i powo\u0142anie. Statystyk i analityk, nasz pow\u00f3d. Nauczyli\u015bmy si\u0119 tego na podstawie milion\u00f3w wzmianek w mediach spo\u0142eczno\u015bciowych i wieloletnich danych finansowych. Po drugie. Potrafi przewidzie\u0107 przysz\u0142y kurs dowolnego instrumentu finansowego na podstawie emocji. Obecnie ma bzika na punkcie kryptowalut, ale \u015bwietnie radzi\u0142 sobie r\u00f3wnie\u017c z akcjami i indeksami forex.<\/p>\n<p>Dostrzega potencja\u0142 i ma potencja\u0142. Dobrze dobrana para z <a href=\"https:\/\/sentistocks.com\/blog\/team\/catherine-the-machine\/\">Katherine The Machine<\/a>.<\/p>\n<p><em>*pami\u0119tasz Alfi ze \u015amiertelnych silnik\u00f3w Stanis\u0142awa Lema ;)? Uwielbiamy Mortal Engines i og\u00f3lnie ca\u0142\u0105 tw\u00f3rczo\u015b\u0107 pana Lema \u2764\ufe0f. <\/em><\/p>\n\t\t\t\t\t\t\t\t<\/div>\n\t\t\t\t<\/div>\n\t\t\t\t\t<\/div>\n\t\t\t\t<\/div>\n\t\t\t\t\t<\/div>\n\t\t\t\t<\/div>\n\t\t\t\t\t<\/div>\n\t\t\t\t<\/div>\n\t\t\t\t<\/div>\n\t\t","protected":false},"excerpt":{"rendered":"<p>AI-Fi Nasza druga sztuczna inteligencja. Prognozuj\u0105cy z urodzenia&#8230; stworzenie i powo\u0142anie. Statystyk i analityk, nasz pow\u00f3d. Nauczyli\u015bmy si\u0119 tego na podstawie milion\u00f3w wzmianek w mediach spo\u0142eczno\u015bciowych i wieloletnich danych finansowych. Po drugie. Potrafi przewidzie\u0107 przysz\u0142y kurs dowolnego instrumentu finansowego na podstawie emocji. Obecnie ma bzika na punkcie kryptowalut, ale \u015bwietnie radzi\u0142 sobie r\u00f3wnie\u017c z akcjami [&hellip;]<\/p>\n","protected":false},"author":3,"featured_media":0,"parent":7470,"menu_order":0,"comment_status":"closed","ping_status":"closed","template":"","meta":{"inline_featured_image":false,"footnotes":""},"class_list":["post-7477","page","type-page","status-publish","hentry"],"aioseo_notices":[],"_links":{"self":[{"href":"https:\/\/sentistocks.com\/pl\/wp-json\/wp\/v2\/pages\/7477","targetHints":{"allow":["GET"]}}],"collection":[{"href":"https:\/\/sentistocks.com\/pl\/wp-json\/wp\/v2\/pages"}],"about":[{"href":"https:\/\/sentistocks.com\/pl\/wp-json\/wp\/v2\/types\/page"}],"author":[{"embeddable":true,"href":"https:\/\/sentistocks.com\/pl\/wp-json\/wp\/v2\/users\/3"}],"replies":[{"embeddable":true,"href":"https:\/\/sentistocks.com\/pl\/wp-json\/wp\/v2\/comments?post=7477"}],"version-history":[{"count":1,"href":"https:\/\/sentistocks.com\/pl\/wp-json\/wp\/v2\/pages\/7477\/revisions"}],"predecessor-version":[{"id":7478,"href":"https:\/\/sentistocks.com\/pl\/wp-json\/wp\/v2\/pages\/7477\/revisions\/7478"}],"up":[{"embeddable":true,"href":"https:\/\/sentistocks.com\/pl\/wp-json\/wp\/v2\/pages\/7470"}],"wp:attachment":[{"href":"https:\/\/sentistocks.com\/pl\/wp-json\/wp\/v2\/media?parent=7477"}],"curies":[{"name":"wp","href":"https:\/\/api.w.org\/{rel}","templated":true}]}}