{"id":6185,"date":"2024-01-10T17:54:40","date_gmt":"2024-01-10T16:54:40","guid":{"rendered":"https:\/\/sentistocks.com\/?page_id=6185"},"modified":"2025-06-04T09:08:27","modified_gmt":"2025-06-04T07:08:27","slug":"binance","status":"publish","type":"page","link":"https:\/\/sentistocks.com\/pl\/binance\/","title":{"rendered":"\u0141\u0105czenie Senti-Bota z kontem Binance"},"content":{"rendered":"\t\t<div data-elementor-type=\"wp-page\" data-elementor-id=\"6185\" class=\"elementor elementor-6185 elementor-6183\" data-elementor-post-type=\"page\">\n\t\t\t\t<div class=\"elementor-element elementor-element-2bc882c e-flex e-con-boxed e-con e-parent\" data-id=\"2bc882c\" data-element_type=\"container\" data-e-type=\"container\" data-settings=\"{&quot;background_background&quot;:&quot;classic&quot;,&quot;shape_divider_bottom&quot;:&quot;mountains&quot;}\">\n\t\t\t\t\t<div class=\"e-con-inner\">\n\t\t\t\t<div class=\"elementor-shape elementor-shape-bottom\" aria-hidden=\"true\" data-negative=\"false\">\n\t\t\t<svg xmlns=\"http:\/\/www.w3.org\/2000\/svg\" viewBox=\"0 0 1000 100\" preserveAspectRatio=\"none\">\n\t<path class=\"elementor-shape-fill\" opacity=\"0.33\" d=\"M473,67.3c-203.9,88.3-263.1-34-320.3,0C66,119.1,0,59.7,0,59.7V0h1000v59.7 c0,0-62.1,26.1-94.9,29.3c-32.8,3.3-62.8-12.3-75.8-22.1C806,49.6,745.3,8.7,694.9,4.7S492.4,59,473,67.3z\"\/>\n\t<path class=\"elementor-shape-fill\" opacity=\"0.66\" d=\"M734,67.3c-45.5,0-77.2-23.2-129.1-39.1c-28.6-8.7-150.3-10.1-254,39.1 s-91.7-34.4-149.2,0C115.7,118.3,0,39.8,0,39.8V0h1000v36.5c0,0-28.2-18.5-92.1-18.5C810.2,18.1,775.7,67.3,734,67.3z\"\/>\n\t<path class=\"elementor-shape-fill\" d=\"M766.1,28.9c-200-57.5-266,65.5-395.1,19.5C242,1.8,242,5.4,184.8,20.6C128,35.8,132.3,44.9,89.9,52.5C28.6,63.7,0,0,0,0 h1000c0,0-9.9,40.9-83.6,48.1S829.6,47,766.1,28.9z\"\/>\n<\/svg>\t\t<\/div>\n\t\t\t\t<div class=\"elementor-element elementor-element-682bd6a elementor-widget elementor-widget-heading\" data-id=\"682bd6a\" data-element_type=\"widget\" data-e-type=\"widget\" data-widget_type=\"heading.default\">\n\t\t\t\t<div class=\"elementor-widget-container\">\n\t\t\t\t\t<h2 class=\"elementor-heading-title elementor-size-default\">Po\u0142\u0105cz Senti-Bota ze swoim kontem Binance<\/h2>\t\t\t\t<\/div>\n\t\t\t\t<\/div>\n\t\t\t\t\t<\/div>\n\t\t\t\t<\/div>\n\t\t<div class=\"elementor-element elementor-element-65418e2 e-flex e-con-boxed e-con e-parent\" data-id=\"65418e2\" data-element_type=\"container\" data-e-type=\"container\">\n\t\t\t\t\t<div class=\"e-con-inner\">\n\t\t<div class=\"elementor-element elementor-element-1c4bc50 e-flex e-con-boxed e-con e-child\" data-id=\"1c4bc50\" data-element_type=\"container\" data-e-type=\"container\">\n\t\t\t\t\t<div class=\"e-con-inner\">\n\t\t\t\t<div class=\"elementor-element elementor-element-64a6455 elementor-widget elementor-widget-text-editor\" data-id=\"64a6455\" data-element_type=\"widget\" data-e-type=\"widget\" data-widget_type=\"text-editor.default\">\n\t\t\t\t<div class=\"elementor-widget-container\">\n\t\t\t\t\t\t\t\t\t<h2><span style=\"color: var( --e-global-color-text ); font-size: 16px; text-align: var(--text-align);\">Dzi\u0119kujemy za zakup naszej us\u0142ugi. Wierzymy, \u017ce b\u0119dzie z Tob\u0105 przez d\u0142ugi czas i pomo\u017ce Ci pomno\u017cy\u0107 Tw\u00f3j kapita\u0142, trzymamy kciuki! <\/span><\/h2><p>Poni\u017cej znajduj\u0105 si\u0119 instrukcje dotycz\u0105ce \u0142\u0105czenia konta z naszym botem. Je\u015bli potrzebujesz dodatkowej pomocy, skontaktuj si\u0119 z nami pod adresem <a href=\"mailto:support@sentistocks.com\">support@sentistocks.com<\/a> lub za po\u015brednictwem czatu dost\u0119pnego na stronie g\u0142\u00f3wnej. <\/p><h2 id=\"uael-faq-1\" tabindex=\"0\">Przygotuj swoje konto Binance<\/h2><ol><li>Konto musi by\u0107 <a href=\"https:\/\/www.binance.com\/en\/support\/faq\/360027287111\" target=\"_blank\" rel=\"noopener\">w pe\u0142ni zweryfikowane<\/a>.<\/li><li>Po zweryfikowaniu konta nale\u017cy otworzy\u0107 i za\u0142o\u017cy\u0107 <strong>konto SPOT<\/strong> w <strong>USDC.<\/strong><ol><li>Aby to zrobi\u0107, musimy zakupi\u0107 USDC na naszym g\u0142\u00f3wnym koncie (np. p\u0142ac\u0105c kart\u0105), za pomoc\u0105 kt\u00f3rego mo\u017cemy zasili\u0107 konto SPOT. Sugerowana minimalna kwota zasilenia powinna wystarczy\u0107 na zakup co najmniej 0,001 BTC lub r\u00f3wnowarto\u015bci USDC<a href=\"https:\/\/www.binance.com\/en\/futures\/trading-rules\" target=\"_blank\" rel=\"noopener\">(w momencie pisania instrukcji<\/a>). Ze wzgl\u0119du na zmieniaj\u0105c\u0105 si\u0119 cen\u0119 BTC sugerujemy <strong>minimaln\u0105 kwot\u0119 200-300 USDC<\/strong>. Przy niewystarczaj\u0105cej kwocie Senti-Bot nie zawrze \u017cadnych kontrakt\u00f3w na koncie Binance.   <\/li><\/ol><\/li><\/ol><h2 id=\"uael-faq-2\" tabindex=\"0\">Generowanie kluczy API<\/h2><p>Senti-bot wymaga (1) klucza <strong>API<\/strong> i (2) tajnego <strong>klucza<\/strong>, aby m\u00f3c po\u0142\u0105czy\u0107 si\u0119 z kontem (wa\u017cne: tajny klucz jest widoczny tylko podczas procesu generowania klucza API i nie ma sposobu, aby go odzyska\u0107 po utracie, wi\u0119c wa\u017cne jest, aby go gdzie\u015b zapisa\u0107). Oba klucze mo\u017cna wygenerowa\u0107 <a href=\"https:\/\/www.binance.com\/en\/support\/faq\/360002502072\" target=\"_blank\" rel=\"noopener\">zgodnie z instrukcjami<\/a> i nast\u0119puj\u0105cymi ustawieniami. <\/p><p>Pami\u0119taj, aby wprowadzi\u0107 dodatkowe ustawienia, pokazane na filmie, i wprowadzi\u0107, dla bezpiecze\u0144stwa konta Binance, podany adres IP<strong>(116.202.86.213<\/strong>).<\/p><p><iframe title=\"Odtwarzacz wideo YouTube\" src=\"https:\/\/www.youtube.com\/embed\/KXCMMJQXgDk?si=iZ_Xlv3BcwFW8V_3\" width=\"560\" height=\"315\" frameborder=\"0\" allowfullscreen=\"allowfullscreen\" data-mce-fragment=\"1\"><\/iframe><\/p><h2 id=\"uael-faq-2\" tabindex=\"0\">W\u0142\u0105cz opcj\u0119 SPOT<\/h2><p><iframe title=\"Odtwarzacz wideo YouTube\" src=\"https:\/\/www.youtube.com\/embed\/kEf_d9KunjE?si=a0t2R2R0mO1AXFfY&amp;controls=0\" width=\"560\" height=\"315\" frameborder=\"0\" allowfullscreen=\"allowfullscreen\"><\/iframe><\/p><h2 id=\"uael-faq-3\" tabindex=\"0\">Podaj nam klucze API<\/h2><p>Prze\u015blij nam wygenerowan\u0105 par\u0119 kluczy w poni\u017cszym formularzu:<\/p><div class=\"wpforms-container wpforms-container-full api-form wpforms-render-modern\" id=\"wpforms-7849\"><form id=\"wpforms-form-7849\" class=\"wpforms-validate wpforms-form wpforms-ajax-form\" data-formid=\"7849\" method=\"post\" enctype=\"multipart\/form-data\" action=\"\/pl\/wp-json\/wp\/v2\/pages\/6185\" data-token=\"2dfb0615c7b23e0a963c6eac6e5ae2a5\"><noscript class=\"wpforms-error-noscript\">Aby wype\u0142ni\u0107 ten formularz, w\u0142\u0105cz obs\u0142ug\u0119 JavaScript w przegl\u0105darce.<\/noscript><div class=\"wpforms-hidden\" id=\"wpforms-error-noscript\">Aby wype\u0142ni\u0107 ten formularz, w\u0142\u0105cz obs\u0142ug\u0119 JavaScript w przegl\u0105darce.<\/div><div class=\"wpforms-field-container\"><div id=\"wpforms-7849-field_3-container\" class=\"wpforms-field wpforms-field-name\" data-field-id=\"3\"><label class=\"wpforms-field-label\" for=\"wpforms-7849-field_3\">Your name <span class=\"wpforms-required-label\" aria-hidden=\"true\">*<\/span><\/label><input type=\"text\" id=\"wpforms-7849-field_3\" class=\"wpforms-field-large wpforms-field-required\" name=\"wpforms[fields][3]\" aria-errormessage=\"wpforms-7849-field_3-error\" required><\/div><div id=\"wpforms-7849-field_4-container\" class=\"wpforms-field wpforms-field-email\" data-field-id=\"4\"><label class=\"wpforms-field-label\" for=\"wpforms-7849-field_4\">Your email address, used when ordering <span class=\"wpforms-required-label\" aria-hidden=\"true\">*<\/span><\/label><input type=\"email\" id=\"wpforms-7849-field_4\" class=\"wpforms-field-large wpforms-field-required\" name=\"wpforms[fields][4]\" spellcheck=\"false\" aria-errormessage=\"wpforms-7849-field_4-error\" required><\/div><div id=\"wpforms-7849-field_2-container\" class=\"wpforms-field wpforms-field-text\" data-field-id=\"2\"><label class=\"wpforms-field-label\" for=\"wpforms-7849-field_2\">API key <span class=\"wpforms-required-label\" aria-hidden=\"true\">*<\/span><\/label><input type=\"text\" id=\"wpforms-7849-field_2\" class=\"wpforms-field-large wpforms-field-required\" name=\"wpforms[fields][2]\" aria-errormessage=\"wpforms-7849-field_2-error\" required><\/div><div id=\"wpforms-7849-field_5-container\" class=\"wpforms-field wpforms-field-text\" data-field-id=\"5\"><label class=\"wpforms-field-label\" for=\"wpforms-7849-field_5\">Secret key <span class=\"wpforms-required-label\" aria-hidden=\"true\">*<\/span><\/label><input type=\"text\" id=\"wpforms-7849-field_5\" class=\"wpforms-field-large wpforms-field-required\" name=\"wpforms[fields][5]\" aria-errormessage=\"wpforms-7849-field_5-error\" required><\/div><\/div><!-- .wpforms-field-container --><div class=\"wpforms-submit-container\" ><input type=\"hidden\" name=\"wpforms[id]\" value=\"7849\"><input type=\"hidden\" name=\"wpforms[author]\" value=\"2\"><button type=\"submit\" name=\"wpforms[submit]\" id=\"wpforms-submit-7849\" class=\"wpforms-submit send-button\" data-alt-text=\"Sending...\" data-submit-text=\"Send\" aria-live=\"assertive\" value=\"wpforms-submit\">Send<\/button><img decoding=\"async\" src=\"https:\/\/sentistocks.com\/wp-content\/plugins\/wpforms\/assets\/images\/submit-spin.svg\" class=\"wpforms-submit-spinner\" style=\"display: none;\" width=\"26\" height=\"26\" alt=\"Wczytywanie\"><\/div><\/form><\/div>  <!-- .wpforms-container --><h2 id=\"uael-faq-4\" tabindex=\"0\">Dodatkowe ustawienia<\/h2><h6>Podczas dzia\u0142ania bota funkcja automatycznej subskrypcji musi pozosta\u0107 wy\u0142\u0105czona dla USDC i BTC. Jak wy\u0142\u0105czy\u0107 automatyczn\u0105 subskrypcj\u0119 &#8211; <a href=\"https:\/\/www.binance.com\/en\/support\/faq\/detail\/ecd6f9f7aac0471fb792dc1792af8995\">TUTAJ<\/a><\/h6><h2 id=\"uael-faq-5\" tabindex=\"0\">Bezpiecze\u0144stwo<\/h2><p>Dost\u0119p bota do konta u\u017cytkownika jest ograniczony wy\u0142\u0105cznie do opcji SPOT, na kt\u00f3rych bot handluje. Przy wskazanych ustawieniach wyp\u0142aty, po\u017cyczki, przelewy i inne formy ingerencji w konto i portfel u\u017cytkownika nie s\u0105 mo\u017cliwe. Ponadto dost\u0119p jest ograniczony do okre\u015blonego (wskazanego &#8211; 116.202.86.213) adresu IP naszych serwer\u00f3w, na kt\u00f3rych zainstalowany jest bot.  <\/p><h2 id=\"uael-faq-6\" tabindex=\"0\">Wa\u017cne informacje<\/h2><ul><li>Generuj\u0105c i przesy\u0142aj\u0105c klucze API Binance do Sentimenti Sp. z o.o., wyra\u017casz zgod\u0119 na udzia\u0142 w testach Senti-Bot.  Sentimenti Sp. z o.o. dok\u0142ada wszelkich stara\u0144, aby Senti-Bot by\u0142 wolny od b\u0142\u0119d\u00f3w i generowa\u0142 najlepsze mo\u017cliwe wyniki, jednak ca\u0142e ryzyko zwi\u0105zane z do\u0142\u0105czeniem bota do konta spoczywa na w\u0142a\u015bcicielu konta, a Sentimenti Sp. z o.o. nie ponosi \u017cadnej odpowiedzialno\u015bci za jakiekolwiek straty lub szkody spowodowane u\u017cyciem bota na koncie u\u017cytkownika. <\/li><li>Na koncie SPOT, do kt\u00f3rego pod\u0142\u0105czony jest Senti-Bot, nie mo\u017cna wykonywa\u0107 \u017cadnych r\u0119cznych operacji niezwi\u0105zanych z par\u0105 walutow\u0105, na kt\u00f3rej gra bot. Oznacza to, \u017ce nie powiniene\u015b gra\u0107 na przyk\u0142ad na parze ETH\/USDC lub jakiejkolwiek innej parze ni\u017c aktualnie obs\u0142ugiwana przez bota. <\/li><li>Wykonywanie operacji na parze, na kt\u00f3rej gra bot, powinno by\u0107 ograniczone do absolutnie wyj\u0105tkowych sytuacji &#8211; w przeciwnym razie bot nie osi\u0105gnie zamierzonej skuteczno\u015bci.<\/li><li>Warto pami\u0119ta\u0107, \u017ce wszystkie operacje na gie\u0142dach kryptowalut (w tym Binance) obci\u0105\u017cone s\u0105 prowizjami. Wp\u0142acaj\u0105c \u015brodki nale\u017cy liczy\u0107 si\u0119 z tym, \u017ce ich wyp\u0142ata r\u00f3wnie\u017c zostanie obci\u0105\u017cona odpowiedni\u0105 prowizj\u0105. <\/li><\/ul><h2 id=\"uael-faq-7\" tabindex=\"0\">Anulowanie us\u0142ugi<\/h2><p>Je\u015bli chcesz zrezygnowa\u0107 z naszej us\u0142ugi, zaloguj si\u0119 <a href=\"https:\/\/sentistocks.com\/user-account\/\">na swoje konto <\/a>i zmie\u0144 ustawienia subskrypcji.<\/p>\t\t\t\t\t\t\t\t<\/div>\n\t\t\t\t<\/div>\n\t\t\t\t\t<\/div>\n\t\t\t\t<\/div>\n\t\t\t\t\t<\/div>\n\t\t\t\t<\/div>\n\t\t\t\t<\/div>\n\t\t","protected":false},"excerpt":{"rendered":"<p>Po\u0142\u0105cz Senti-Bota ze swoim kontem Binance Dzi\u0119kujemy za zakup naszej us\u0142ugi. Wierzymy, \u017ce b\u0119dzie z Tob\u0105 przez d\u0142ugi czas i pomo\u017ce Ci pomno\u017cy\u0107 Tw\u00f3j kapita\u0142, trzymamy kciuki! Poni\u017cej znajduj\u0105 si\u0119 instrukcje dotycz\u0105ce \u0142\u0105czenia konta z naszym botem. Je\u015bli potrzebujesz dodatkowej pomocy, skontaktuj si\u0119 z nami pod adresem support@sentistocks.com lub za po\u015brednictwem czatu dost\u0119pnego na stronie [&hellip;]<\/p>\n","protected":false},"author":2,"featured_media":0,"parent":0,"menu_order":0,"comment_status":"closed","ping_status":"closed","template":"","meta":{"inline_featured_image":false,"footnotes":""},"class_list":["post-6185","page","type-page","status-publish","hentry"],"aioseo_notices":[],"_links":{"self":[{"href":"https:\/\/sentistocks.com\/pl\/wp-json\/wp\/v2\/pages\/6185","targetHints":{"allow":["GET"]}}],"collection":[{"href":"https:\/\/sentistocks.com\/pl\/wp-json\/wp\/v2\/pages"}],"about":[{"href":"https:\/\/sentistocks.com\/pl\/wp-json\/wp\/v2\/types\/page"}],"author":[{"embeddable":true,"href":"https:\/\/sentistocks.com\/pl\/wp-json\/wp\/v2\/users\/2"}],"replies":[{"embeddable":true,"href":"https:\/\/sentistocks.com\/pl\/wp-json\/wp\/v2\/comments?post=6185"}],"version-history":[{"count":60,"href":"https:\/\/sentistocks.com\/pl\/wp-json\/wp\/v2\/pages\/6185\/revisions"}],"predecessor-version":[{"id":14119,"href":"https:\/\/sentistocks.com\/pl\/wp-json\/wp\/v2\/pages\/6185\/revisions\/14119"}],"wp:attachment":[{"href":"https:\/\/sentistocks.com\/pl\/wp-json\/wp\/v2\/media?parent=6185"}],"curies":[{"name":"wp","href":"https:\/\/api.w.org\/{rel}","templated":true}]}}