{"id":5956,"date":"2023-12-27T15:03:13","date_gmt":"2023-12-27T14:03:13","guid":{"rendered":"https:\/\/sentistocks.com\/o-nas\/"},"modified":"2024-05-08T11:08:09","modified_gmt":"2024-05-08T09:08:09","slug":"o-nas","status":"publish","type":"page","link":"https:\/\/sentistocks.com\/pl\/o-nas\/","title":{"rendered":"O nas"},"content":{"rendered":"\t\t<div data-elementor-type=\"wp-page\" data-elementor-id=\"5956\" class=\"elementor elementor-5956 elementor-32\" data-elementor-post-type=\"page\">\n\t\t\t\t<div class=\"elementor-element elementor-element-6d61c0a e-flex e-con-boxed e-con e-parent\" data-id=\"6d61c0a\" data-element_type=\"container\" data-e-type=\"container\" data-settings=\"{&quot;background_background&quot;:&quot;classic&quot;,&quot;shape_divider_bottom&quot;:&quot;mountains&quot;}\">\n\t\t\t\t\t<div class=\"e-con-inner\">\n\t\t\t\t<div class=\"elementor-shape elementor-shape-bottom\" aria-hidden=\"true\" data-negative=\"false\">\n\t\t\t<svg xmlns=\"http:\/\/www.w3.org\/2000\/svg\" viewBox=\"0 0 1000 100\" preserveAspectRatio=\"none\">\n\t<path class=\"elementor-shape-fill\" opacity=\"0.33\" d=\"M473,67.3c-203.9,88.3-263.1-34-320.3,0C66,119.1,0,59.7,0,59.7V0h1000v59.7 c0,0-62.1,26.1-94.9,29.3c-32.8,3.3-62.8-12.3-75.8-22.1C806,49.6,745.3,8.7,694.9,4.7S492.4,59,473,67.3z\"\/>\n\t<path class=\"elementor-shape-fill\" opacity=\"0.66\" d=\"M734,67.3c-45.5,0-77.2-23.2-129.1-39.1c-28.6-8.7-150.3-10.1-254,39.1 s-91.7-34.4-149.2,0C115.7,118.3,0,39.8,0,39.8V0h1000v36.5c0,0-28.2-18.5-92.1-18.5C810.2,18.1,775.7,67.3,734,67.3z\"\/>\n\t<path class=\"elementor-shape-fill\" d=\"M766.1,28.9c-200-57.5-266,65.5-395.1,19.5C242,1.8,242,5.4,184.8,20.6C128,35.8,132.3,44.9,89.9,52.5C28.6,63.7,0,0,0,0 h1000c0,0-9.9,40.9-83.6,48.1S829.6,47,766.1,28.9z\"\/>\n<\/svg>\t\t<\/div>\n\t\t<div class=\"elementor-element elementor-element-b861e36 e-grid e-con-boxed e-con e-child\" data-id=\"b861e36\" data-element_type=\"container\" data-e-type=\"container\">\n\t\t\t\t\t<div class=\"e-con-inner\">\n\t\t<div class=\"elementor-element elementor-element-e56e53c e-flex e-con-boxed e-con e-child\" data-id=\"e56e53c\" data-element_type=\"container\" data-e-type=\"container\">\n\t\t\t\t\t<div class=\"e-con-inner\">\n\t\t\t\t<div class=\"elementor-element elementor-element-a86a951 elementor-widget elementor-widget-heading\" data-id=\"a86a951\" data-element_type=\"widget\" data-e-type=\"widget\" data-widget_type=\"heading.default\">\n\t\t\t\t<div class=\"elementor-widget-container\">\n\t\t\t\t\t<h2 class=\"elementor-heading-title elementor-size-default\">O nas<\/h2>\t\t\t\t<\/div>\n\t\t\t\t<\/div>\n\t\t\t\t<div class=\"elementor-element elementor-element-f5f3684 elementor-widget elementor-widget-text-editor\" data-id=\"f5f3684\" data-element_type=\"widget\" data-e-type=\"widget\" data-widget_type=\"text-editor.default\">\n\t\t\t\t<div class=\"elementor-widget-container\">\n\t\t\t\t\t\t\t\t\t<p>Po\u0142\u0105czy\u0142 nas pasjonuj\u0105cy cel, jakim jest stworzenie skutecznego, automatycznego analizatora emocji w tek\u015bcie pisanym. Emocje istniej\u0105 tyle, ile istnieje cz\u0142owiek. Z cierpliwo\u015bci\u0105 i skrupulatno\u015bci\u0105 badaczy (lingwist\u00f3w, psycholog\u00f3w, kognitywist\u00f3w), zaci\u0119to\u015bci\u0105 i elastyczno\u015bci\u0105 biznesow\u0105, przy wsparciu do\u015bwiadczonego zespo\u0142u developer\u00f3w dopi\u0119li\u015bmy swego \u2013 powsta\u0142y nasze narz\u0119dzia.  <\/p>\n<p>Emocje wp\u0142ywaj\u0105 na kursy instrument\u00f3w finansowych, a kursy na strategie zarz\u0105dzania portfelem. SentiStock wesprze Ci\u0119 w Twoich inwestycjach regularn\u0105 i dok\u0142adn\u0105 prognoz\u0105. Dla rynk\u00f3w finansowych (aktualnie kryptowaluty, w szczeg\u00f3lno\u015bci Bitcoin). Analizujemy wszystkie dost\u0119pne w sieci wzmianki pod k\u0105tem zawartych w nich emocji i korelujemy je z notowaniami gie\u0142dowymi.  <\/p>\n<p>To pierwsze tak zaawansowane rozwi\u0105zanie do behawioralnej analizy finansowej. Wyj\u0105tkowe na skal\u0119 \u015bwiatow\u0105, dostepne dla ka\u017cdego. <\/p>\n\t\t\t\t\t\t\t\t<\/div>\n\t\t\t\t<\/div>\n\t\t\t\t\t<\/div>\n\t\t\t\t<\/div>\n\t\t\t\t\t<\/div>\n\t\t\t\t<\/div>\n\t\t\t\t\t<\/div>\n\t\t\t\t<\/div>\n\t\t<div class=\"elementor-element elementor-element-0c73267 e-flex e-con-boxed e-con e-parent\" data-id=\"0c73267\" data-element_type=\"container\" data-e-type=\"container\" data-settings=\"{&quot;background_background&quot;:&quot;classic&quot;}\">\n\t\t\t\t\t<div class=\"e-con-inner\">\n\t\t\t\t<div class=\"elementor-element elementor-element-89813aa elementor-widget elementor-widget-heading\" data-id=\"89813aa\" data-element_type=\"widget\" data-e-type=\"widget\" data-widget_type=\"heading.default\">\n\t\t\t\t<div class=\"elementor-widget-container\">\n\t\t\t\t\t<h2 class=\"elementor-heading-title elementor-size-default\">Docenili nas, dzi\u0119kujemy!<\/h2>\t\t\t\t<\/div>\n\t\t\t\t<\/div>\n\t\t<div class=\"elementor-element elementor-element-419a638 e-grid e-con-boxed e-con e-child\" data-id=\"419a638\" data-element_type=\"container\" data-e-type=\"container\">\n\t\t\t\t\t<div class=\"e-con-inner\">\n\t\t\t\t<div class=\"elementor-element elementor-element-0b24238 elementor-widget elementor-widget-image\" data-id=\"0b24238\" data-element_type=\"widget\" data-e-type=\"widget\" data-widget_type=\"image.default\">\n\t\t\t\t<div class=\"elementor-widget-container\">\n\t\t\t\t\t\t\t\t\t\t\t\t\t\t\t<img fetchpriority=\"high\" decoding=\"async\" width=\"458\" height=\"279\" src=\"https:\/\/sentistocks.com\/wp-content\/uploads\/2023\/12\/Sentistocks-gsa-logo-sofy-fw-2.webp\" class=\"attachment-full size-full wp-image-371\" alt=\"\" srcset=\"https:\/\/sentistocks.com\/wp-content\/uploads\/2023\/12\/Sentistocks-gsa-logo-sofy-fw-2.webp 458w, https:\/\/sentistocks.com\/wp-content\/uploads\/2023\/12\/Sentistocks-gsa-logo-sofy-fw-2-300x183.webp 300w\" sizes=\"(max-width: 458px) 100vw, 458px\" \/>\t\t\t\t\t\t\t\t\t\t\t\t\t\t\t<\/div>\n\t\t\t\t<\/div>\n\t\t\t\t<div class=\"elementor-element elementor-element-2b8e96c elementor-widget elementor-widget-image\" data-id=\"2b8e96c\" data-element_type=\"widget\" data-e-type=\"widget\" data-widget_type=\"image.default\">\n\t\t\t\t<div class=\"elementor-widget-container\">\n\t\t\t\t\t\t\t\t\t\t\t\t\t\t\t<img decoding=\"async\" width=\"739\" height=\"412\" src=\"https:\/\/sentistocks.com\/wp-content\/uploads\/2024\/05\/20240508_tti_usa_23_innovative.png\" class=\"attachment-full size-full wp-image-12901\" alt=\"\" srcset=\"https:\/\/sentistocks.com\/wp-content\/uploads\/2024\/05\/20240508_tti_usa_23_innovative.png 739w, https:\/\/sentistocks.com\/wp-content\/uploads\/2024\/05\/20240508_tti_usa_23_innovative-300x167.png 300w, https:\/\/sentistocks.com\/wp-content\/uploads\/2024\/05\/20240508_tti_usa_23_innovative-600x335.png 600w\" sizes=\"(max-width: 739px) 100vw, 739px\" \/>\t\t\t\t\t\t\t\t\t\t\t\t\t\t\t<\/div>\n\t\t\t\t<\/div>\n\t\t\t\t<div class=\"elementor-element elementor-element-254f5c0 elementor-widget elementor-widget-image\" data-id=\"254f5c0\" data-element_type=\"widget\" data-e-type=\"widget\" data-widget_type=\"image.default\">\n\t\t\t\t<div class=\"elementor-widget-container\">\n\t\t\t\t\t\t\t\t\t\t\t\t\t\t\t\t<a href=\"https:\/\/sentistocks.com\/sentistocks-has-won-the-prestigious-trading-tech-insight-awards-usa-2023\/\">\n\t\t\t\t\t\t\t<img decoding=\"async\" width=\"458\" height=\"279\" src=\"https:\/\/sentistocks.com\/wp-content\/uploads\/2023\/12\/Sentistocks-tti_usa_23-2.webp\" class=\"attachment-full size-full wp-image-375\" alt=\"\" srcset=\"https:\/\/sentistocks.com\/wp-content\/uploads\/2023\/12\/Sentistocks-tti_usa_23-2.webp 458w, https:\/\/sentistocks.com\/wp-content\/uploads\/2023\/12\/Sentistocks-tti_usa_23-2-300x183.webp 300w\" sizes=\"(max-width: 458px) 100vw, 458px\" \/>\t\t\t\t\t\t\t\t<\/a>\n\t\t\t\t\t\t\t\t\t\t\t\t\t\t\t<\/div>\n\t\t\t\t<\/div>\n\t\t\t\t<div class=\"elementor-element elementor-element-5d3804a elementor-widget elementor-widget-image\" data-id=\"5d3804a\" data-element_type=\"widget\" data-e-type=\"widget\" data-widget_type=\"image.default\">\n\t\t\t\t<div class=\"elementor-widget-container\">\n\t\t\t\t\t\t\t\t\t\t\t\t\t\t\t\t<a href=\"https:\/\/mycompanypolska.pl\/artykul\/nasze-dobro-narodowe-najlepsze-polskie-martechy\/9837\">\n\t\t\t\t\t\t\t<img loading=\"lazy\" decoding=\"async\" width=\"458\" height=\"279\" src=\"https:\/\/sentistocks.com\/wp-content\/uploads\/2023\/12\/Sentistocks-mycompanypolska_PBM-2.webp\" class=\"attachment-full size-full wp-image-373\" alt=\"\" srcset=\"https:\/\/sentistocks.com\/wp-content\/uploads\/2023\/12\/Sentistocks-mycompanypolska_PBM-2.webp 458w, https:\/\/sentistocks.com\/wp-content\/uploads\/2023\/12\/Sentistocks-mycompanypolska_PBM-2-300x183.webp 300w\" sizes=\"(max-width: 458px) 100vw, 458px\" \/>\t\t\t\t\t\t\t\t<\/a>\n\t\t\t\t\t\t\t\t\t\t\t\t\t\t\t<\/div>\n\t\t\t\t<\/div>\n\t\t\t\t<div class=\"elementor-element elementor-element-612ab43 elementor-widget elementor-widget-image\" data-id=\"612ab43\" data-element_type=\"widget\" data-e-type=\"widget\" data-widget_type=\"image.default\">\n\t\t\t\t<div class=\"elementor-widget-container\">\n\t\t\t\t\t\t\t\t\t\t\t\t\t\t\t\t<a href=\"https:\/\/www.forbes.pl\/rankingi\/ranking-firm-ai-polska-firma-z-orbity-obserwuje-co-rosjanie-robia-na-ukrainie-kolejna\/dq5ewdv\">\n\t\t\t\t\t\t\t<img loading=\"lazy\" decoding=\"async\" width=\"458\" height=\"279\" src=\"https:\/\/sentistocks.com\/wp-content\/uploads\/2023\/12\/Sentistocks-Forbes_BPAIC_EN.webp\" class=\"attachment-full size-full wp-image-367\" alt=\"\" srcset=\"https:\/\/sentistocks.com\/wp-content\/uploads\/2023\/12\/Sentistocks-Forbes_BPAIC_EN.webp 458w, https:\/\/sentistocks.com\/wp-content\/uploads\/2023\/12\/Sentistocks-Forbes_BPAIC_EN-300x183.webp 300w\" sizes=\"(max-width: 458px) 100vw, 458px\" \/>\t\t\t\t\t\t\t\t<\/a>\n\t\t\t\t\t\t\t\t\t\t\t\t\t\t\t<\/div>\n\t\t\t\t<\/div>\n\t\t\t\t\t<\/div>\n\t\t\t\t<\/div>\n\t\t\t\t\t<\/div>\n\t\t\t\t<\/div>\n\t\t<div class=\"elementor-element elementor-element-d0aaa4d e-flex e-con-boxed e-con e-parent\" data-id=\"d0aaa4d\" data-element_type=\"container\" data-e-type=\"container\" data-settings=\"{&quot;shape_divider_top&quot;:&quot;mountains&quot;}\">\n\t\t\t\t\t<div class=\"e-con-inner\">\n\t\t\t\t<div class=\"elementor-shape elementor-shape-top\" aria-hidden=\"true\" data-negative=\"false\">\n\t\t\t<svg xmlns=\"http:\/\/www.w3.org\/2000\/svg\" viewBox=\"0 0 1000 100\" preserveAspectRatio=\"none\">\n\t<path class=\"elementor-shape-fill\" opacity=\"0.33\" d=\"M473,67.3c-203.9,88.3-263.1-34-320.3,0C66,119.1,0,59.7,0,59.7V0h1000v59.7 c0,0-62.1,26.1-94.9,29.3c-32.8,3.3-62.8-12.3-75.8-22.1C806,49.6,745.3,8.7,694.9,4.7S492.4,59,473,67.3z\"\/>\n\t<path class=\"elementor-shape-fill\" opacity=\"0.66\" d=\"M734,67.3c-45.5,0-77.2-23.2-129.1-39.1c-28.6-8.7-150.3-10.1-254,39.1 s-91.7-34.4-149.2,0C115.7,118.3,0,39.8,0,39.8V0h1000v36.5c0,0-28.2-18.5-92.1-18.5C810.2,18.1,775.7,67.3,734,67.3z\"\/>\n\t<path class=\"elementor-shape-fill\" d=\"M766.1,28.9c-200-57.5-266,65.5-395.1,19.5C242,1.8,242,5.4,184.8,20.6C128,35.8,132.3,44.9,89.9,52.5C28.6,63.7,0,0,0,0 h1000c0,0-9.9,40.9-83.6,48.1S829.6,47,766.1,28.9z\"\/>\n<\/svg>\t\t<\/div>\n\t\t<div class=\"elementor-element elementor-element-ec2965f e-flex e-con-boxed e-con e-child\" data-id=\"ec2965f\" data-element_type=\"container\" data-e-type=\"container\">\n\t\t\t\t\t<div class=\"e-con-inner\">\n\t\t\t\t<div class=\"elementor-element elementor-element-e2a9ba3 elementor-widget elementor-widget-heading\" data-id=\"e2a9ba3\" data-element_type=\"widget\" data-e-type=\"widget\" data-widget_type=\"heading.default\">\n\t\t\t\t<div class=\"elementor-widget-container\">\n\t\t\t\t\t<h2 class=\"elementor-heading-title elementor-size-default\">Zesp\u00f3\u0142<\/h2>\t\t\t\t<\/div>\n\t\t\t\t<\/div>\n\t\t\t\t<div class=\"elementor-element elementor-element-51b00a4 elementor-widget elementor-widget-text-editor\" data-id=\"51b00a4\" data-element_type=\"widget\" data-e-type=\"widget\" data-widget_type=\"text-editor.default\">\n\t\t\t\t<div class=\"elementor-widget-container\">\n\t\t\t\t\t\t\t\t\tProjekt SentiStocks jest cz\u0119\u015bci\u0105 <a href=\"https:\/\/sentimenti.pl\/\">Sentimenti<\/a>,<br>\nrealizowanego przez cztery zespo\u0142y specjalist\u00f3w: psycholog\u00f3w,<br>\n lingwist\u00f3w, analityk\u00f3w finansowych i programist\u00f3w.<br>\t\t\t\t\t\t\t\t<\/div>\n\t\t\t\t<\/div>\n\t\t<div class=\"elementor-element elementor-element-072b266 e-grid e-con-boxed e-con e-child\" data-id=\"072b266\" data-element_type=\"container\" data-e-type=\"container\">\n\t\t\t\t\t<div class=\"e-con-inner\">\n\t\t<div class=\"elementor-element elementor-element-06f6eaa e-flex e-con-boxed e-con e-child\" data-id=\"06f6eaa\" data-element_type=\"container\" data-e-type=\"container\">\n\t\t\t\t\t<div class=\"e-con-inner\">\n\t\t\t\t<div class=\"elementor-element elementor-element-b36ed76 elementor-widget elementor-widget-image\" data-id=\"b36ed76\" data-element_type=\"widget\" data-e-type=\"widget\" data-widget_type=\"image.default\">\n\t\t\t\t<div class=\"elementor-widget-container\">\n\t\t\t\t\t\t\t\t\t\t\t\t<figure class=\"wp-caption\">\n\t\t\t\t\t\t\t\t\t\t\t<a href=\"https:\/\/sentistocks.com\/pl\/team\/damian-grimling\/\">\n\t\t\t\t\t\t\t<img loading=\"lazy\" decoding=\"async\" width=\"300\" height=\"250\" src=\"https:\/\/sentistocks.com\/wp-content\/uploads\/2024\/01\/Sentistocks-damian-grimling-1.webp\" class=\"attachment-medium size-medium wp-image-7551\" alt=\"\" \/>\t\t\t\t\t\t\t\t<\/a>\n\t\t\t\t\t\t\t\t\t\t\t<figcaption class=\"widget-image-caption wp-caption-text\"><\/figcaption>\n\t\t\t\t\t\t\t\t\t\t<\/figure>\n\t\t\t\t\t\t\t\t\t<\/div>\n\t\t\t\t<\/div>\n\t\t\t\t\t<\/div>\n\t\t\t\t<\/div>\n\t\t<div class=\"elementor-element elementor-element-c6aff2e e-flex e-con-boxed e-con e-child\" data-id=\"c6aff2e\" data-element_type=\"container\" data-e-type=\"container\">\n\t\t\t\t\t<div class=\"e-con-inner\">\n\t\t\t\t<div class=\"elementor-element elementor-element-f0d2fb0 elementor-widget elementor-widget-image\" data-id=\"f0d2fb0\" data-element_type=\"widget\" data-e-type=\"widget\" data-widget_type=\"image.default\">\n\t\t\t\t<div class=\"elementor-widget-container\">\n\t\t\t\t\t\t\t\t\t\t\t\t<figure class=\"wp-caption\">\n\t\t\t\t\t\t\t\t\t\t\t<a href=\"https:\/\/sentistocks.com\/pl\/team\/grzegorz-stefanski\/\">\n\t\t\t\t\t\t\t<img loading=\"lazy\" decoding=\"async\" width=\"300\" height=\"250\" src=\"https:\/\/sentistocks.com\/wp-content\/uploads\/2024\/01\/Sentistocks-grzegorz-stefanski-1.webp\" class=\"attachment-medium size-medium wp-image-7553\" alt=\"\" \/>\t\t\t\t\t\t\t\t<\/a>\n\t\t\t\t\t\t\t\t\t\t\t<figcaption class=\"widget-image-caption wp-caption-text\"><\/figcaption>\n\t\t\t\t\t\t\t\t\t\t<\/figure>\n\t\t\t\t\t\t\t\t\t<\/div>\n\t\t\t\t<\/div>\n\t\t\t\t\t<\/div>\n\t\t\t\t<\/div>\n\t\t<div class=\"elementor-element elementor-element-e40d07a e-flex e-con-boxed e-con e-child\" data-id=\"e40d07a\" data-element_type=\"container\" data-e-type=\"container\">\n\t\t\t\t\t<div class=\"e-con-inner\">\n\t\t\t\t<div class=\"elementor-element elementor-element-9c7a191 elementor-widget elementor-widget-image\" data-id=\"9c7a191\" data-element_type=\"widget\" data-e-type=\"widget\" data-widget_type=\"image.default\">\n\t\t\t\t<div class=\"elementor-widget-container\">\n\t\t\t\t\t\t\t\t\t\t\t\t<figure class=\"wp-caption\">\n\t\t\t\t\t\t\t\t\t\t\t<a href=\"https:\/\/sentistocks.com\/pl\/team\/bartosz-kwapisz\/\">\n\t\t\t\t\t\t\t<img loading=\"lazy\" decoding=\"async\" width=\"300\" height=\"250\" src=\"https:\/\/sentistocks.com\/wp-content\/uploads\/2024\/01\/Sentistocks-bartosz-kwapisz-1.webp\" class=\"attachment-medium size-medium wp-image-7555\" alt=\"\" \/>\t\t\t\t\t\t\t\t<\/a>\n\t\t\t\t\t\t\t\t\t\t\t<figcaption class=\"widget-image-caption wp-caption-text\"><\/figcaption>\n\t\t\t\t\t\t\t\t\t\t<\/figure>\n\t\t\t\t\t\t\t\t\t<\/div>\n\t\t\t\t<\/div>\n\t\t\t\t\t<\/div>\n\t\t\t\t<\/div>\n\t\t<div class=\"elementor-element elementor-element-c8c5f16 e-flex e-con-boxed e-con e-child\" data-id=\"c8c5f16\" data-element_type=\"container\" data-e-type=\"container\">\n\t\t\t\t\t<div class=\"e-con-inner\">\n\t\t\t\t<div class=\"elementor-element elementor-element-e30d076 elementor-widget elementor-widget-image\" data-id=\"e30d076\" data-element_type=\"widget\" data-e-type=\"widget\" data-widget_type=\"image.default\">\n\t\t\t\t<div class=\"elementor-widget-container\">\n\t\t\t\t\t\t\t\t\t\t\t\t<figure class=\"wp-caption\">\n\t\t\t\t\t\t\t\t\t\t\t<a href=\"https:\/\/sentistocks.com\/pl\/team\/piotr-bialowas\/\">\n\t\t\t\t\t\t\t<img loading=\"lazy\" decoding=\"async\" width=\"300\" height=\"250\" src=\"https:\/\/sentistocks.com\/wp-content\/uploads\/2024\/01\/Sentistocks-piotr_bialowas-1.webp\" class=\"attachment-medium size-medium wp-image-7557\" alt=\"\" \/>\t\t\t\t\t\t\t\t<\/a>\n\t\t\t\t\t\t\t\t\t\t\t<figcaption class=\"widget-image-caption wp-caption-text\"><\/figcaption>\n\t\t\t\t\t\t\t\t\t\t<\/figure>\n\t\t\t\t\t\t\t\t\t<\/div>\n\t\t\t\t<\/div>\n\t\t\t\t\t<\/div>\n\t\t\t\t<\/div>\n\t\t<div class=\"elementor-element elementor-element-bf5a612 e-flex e-con-boxed e-con e-child\" data-id=\"bf5a612\" data-element_type=\"container\" data-e-type=\"container\">\n\t\t\t\t\t<div class=\"e-con-inner\">\n\t\t\t\t<div class=\"elementor-element elementor-element-ed1cd36 elementor-widget elementor-widget-image\" data-id=\"ed1cd36\" data-element_type=\"widget\" data-e-type=\"widget\" data-widget_type=\"image.default\">\n\t\t\t\t<div class=\"elementor-widget-container\">\n\t\t\t\t\t\t\t\t\t\t\t\t<figure class=\"wp-caption\">\n\t\t\t\t\t\t\t\t\t\t\t<a href=\"https:\/\/sentistocks.com\/pl\/team\/dr-inz-jan-kocon\/\">\n\t\t\t\t\t\t\t<img loading=\"lazy\" decoding=\"async\" width=\"300\" height=\"250\" src=\"https:\/\/sentistocks.com\/wp-content\/uploads\/2024\/01\/Sentistocks-jan-kocon-1.webp\" class=\"attachment-medium size-medium wp-image-7559\" alt=\"\" \/>\t\t\t\t\t\t\t\t<\/a>\n\t\t\t\t\t\t\t\t\t\t\t<figcaption class=\"widget-image-caption wp-caption-text\"><\/figcaption>\n\t\t\t\t\t\t\t\t\t\t<\/figure>\n\t\t\t\t\t\t\t\t\t<\/div>\n\t\t\t\t<\/div>\n\t\t\t\t\t<\/div>\n\t\t\t\t<\/div>\n\t\t<div class=\"elementor-element elementor-element-573f0c0 e-flex e-con-boxed e-con e-child\" data-id=\"573f0c0\" data-element_type=\"container\" data-e-type=\"container\">\n\t\t\t\t\t<div class=\"e-con-inner\">\n\t\t\t\t<div class=\"elementor-element elementor-element-fd13348 elementor-widget elementor-widget-image\" data-id=\"fd13348\" data-element_type=\"widget\" data-e-type=\"widget\" data-widget_type=\"image.default\">\n\t\t\t\t<div class=\"elementor-widget-container\">\n\t\t\t\t\t\t\t\t\t\t\t\t<figure class=\"wp-caption\">\n\t\t\t\t\t\t\t\t\t\t\t<a href=\"https:\/\/sentistocks.com\/pl\/team\/dr-inz-jan-kocon\/\">\n\t\t\t\t\t\t\t<img loading=\"lazy\" decoding=\"async\" width=\"300\" height=\"250\" src=\"https:\/\/sentistocks.com\/wp-content\/uploads\/2024\/01\/Agnieszka_wolk-2-1.webp\" class=\"attachment-medium size-medium wp-image-7561\" alt=\"\" \/>\t\t\t\t\t\t\t\t<\/a>\n\t\t\t\t\t\t\t\t\t\t\t<figcaption class=\"widget-image-caption wp-caption-text\"><\/figcaption>\n\t\t\t\t\t\t\t\t\t\t<\/figure>\n\t\t\t\t\t\t\t\t\t<\/div>\n\t\t\t\t<\/div>\n\t\t\t\t\t<\/div>\n\t\t\t\t<\/div>\n\t\t<div class=\"elementor-element elementor-element-559141f e-flex e-con-boxed e-con e-child\" data-id=\"559141f\" data-element_type=\"container\" data-e-type=\"container\">\n\t\t\t\t\t<div class=\"e-con-inner\">\n\t\t\t\t<div class=\"elementor-element elementor-element-d0745af elementor-widget elementor-widget-image\" data-id=\"d0745af\" data-element_type=\"widget\" data-e-type=\"widget\" data-widget_type=\"image.default\">\n\t\t\t\t<div class=\"elementor-widget-container\">\n\t\t\t\t\t\t\t\t\t\t\t\t<figure class=\"wp-caption\">\n\t\t\t\t\t\t\t\t\t\t\t<a href=\"https:\/\/sentistocks.com\/pl\/team\/catherine-the-machine\/\">\n\t\t\t\t\t\t\t<img loading=\"lazy\" decoding=\"async\" width=\"300\" height=\"250\" src=\"https:\/\/sentistocks.com\/wp-content\/uploads\/2024\/01\/Katarzyna_300_2-1-1.webp\" class=\"attachment-medium size-medium wp-image-7563\" alt=\"\" \/>\t\t\t\t\t\t\t\t<\/a>\n\t\t\t\t\t\t\t\t\t\t\t<figcaption class=\"widget-image-caption wp-caption-text\"><\/figcaption>\n\t\t\t\t\t\t\t\t\t\t<\/figure>\n\t\t\t\t\t\t\t\t\t<\/div>\n\t\t\t\t<\/div>\n\t\t\t\t\t<\/div>\n\t\t\t\t<\/div>\n\t\t<div class=\"elementor-element elementor-element-090f371 e-flex e-con-boxed e-con e-child\" data-id=\"090f371\" data-element_type=\"container\" data-e-type=\"container\">\n\t\t\t\t\t<div class=\"e-con-inner\">\n\t\t\t\t<div class=\"elementor-element elementor-element-7eca274 elementor-widget elementor-widget-image\" data-id=\"7eca274\" data-element_type=\"widget\" data-e-type=\"widget\" data-widget_type=\"image.default\">\n\t\t\t\t<div class=\"elementor-widget-container\">\n\t\t\t\t\t\t\t\t\t\t\t\t<figure class=\"wp-caption\">\n\t\t\t\t\t\t\t\t\t\t\t<a href=\"https:\/\/sentistocks.com\/pl\/team\/ai-fi-en\/\">\n\t\t\t\t\t\t\t<img loading=\"lazy\" decoding=\"async\" width=\"300\" height=\"250\" src=\"https:\/\/sentistocks.com\/wp-content\/uploads\/2024\/01\/AI-Fi_300_2-1-1.webp\" class=\"attachment-medium size-medium wp-image-7565\" alt=\"\" \/>\t\t\t\t\t\t\t\t<\/a>\n\t\t\t\t\t\t\t\t\t\t\t<figcaption class=\"widget-image-caption wp-caption-text\"><\/figcaption>\n\t\t\t\t\t\t\t\t\t\t<\/figure>\n\t\t\t\t\t\t\t\t\t<\/div>\n\t\t\t\t<\/div>\n\t\t\t\t\t<\/div>\n\t\t\t\t<\/div>\n\t\t<div class=\"elementor-element elementor-element-c0770d6 e-flex e-con-boxed e-con e-child\" data-id=\"c0770d6\" data-element_type=\"container\" data-e-type=\"container\">\n\t\t\t\t\t<div class=\"e-con-inner\">\n\t\t\t\t<div class=\"elementor-element elementor-element-7501479 elementor-widget elementor-widget-image\" data-id=\"7501479\" data-element_type=\"widget\" data-e-type=\"widget\" data-widget_type=\"image.default\">\n\t\t\t\t<div class=\"elementor-widget-container\">\n\t\t\t\t\t\t\t\t\t\t\t\t<figure class=\"wp-caption\">\n\t\t\t\t\t\t\t\t\t\t\t<a href=\"https:\/\/sentistocks.com\/pl\/team\/\">\n\t\t\t\t\t\t\t<img loading=\"lazy\" decoding=\"async\" width=\"300\" height=\"250\" src=\"https:\/\/sentistocks.com\/wp-content\/uploads\/2024\/01\/Sentimenti_SYGNET_fin50-e1690966218571-1-1.webp\" class=\"attachment-medium size-medium wp-image-7567\" alt=\"\" \/>\t\t\t\t\t\t\t\t<\/a>\n\t\t\t\t\t\t\t\t\t\t\t<figcaption class=\"widget-image-caption wp-caption-text\"><\/figcaption>\n\t\t\t\t\t\t\t\t\t\t<\/figure>\n\t\t\t\t\t\t\t\t\t<\/div>\n\t\t\t\t<\/div>\n\t\t\t\t\t<\/div>\n\t\t\t\t<\/div>\n\t\t\t\t\t<\/div>\n\t\t\t\t<\/div>\n\t\t\t\t\t<\/div>\n\t\t\t\t<\/div>\n\t\t\t\t\t<\/div>\n\t\t\t\t<\/div>\n\t\t<div class=\"elementor-element elementor-element-2f36b27 e-flex e-con-boxed e-con e-parent\" data-id=\"2f36b27\" data-element_type=\"container\" data-e-type=\"container\" data-settings=\"{&quot;shape_divider_top&quot;:&quot;mountains&quot;,&quot;background_background&quot;:&quot;classic&quot;}\">\n\t\t\t\t\t<div class=\"e-con-inner\">\n\t\t\t\t<div class=\"elementor-shape elementor-shape-top\" aria-hidden=\"true\" data-negative=\"false\">\n\t\t\t<svg xmlns=\"http:\/\/www.w3.org\/2000\/svg\" viewBox=\"0 0 1000 100\" preserveAspectRatio=\"none\">\n\t<path class=\"elementor-shape-fill\" opacity=\"0.33\" d=\"M473,67.3c-203.9,88.3-263.1-34-320.3,0C66,119.1,0,59.7,0,59.7V0h1000v59.7 c0,0-62.1,26.1-94.9,29.3c-32.8,3.3-62.8-12.3-75.8-22.1C806,49.6,745.3,8.7,694.9,4.7S492.4,59,473,67.3z\"\/>\n\t<path class=\"elementor-shape-fill\" opacity=\"0.66\" d=\"M734,67.3c-45.5,0-77.2-23.2-129.1-39.1c-28.6-8.7-150.3-10.1-254,39.1 s-91.7-34.4-149.2,0C115.7,118.3,0,39.8,0,39.8V0h1000v36.5c0,0-28.2-18.5-92.1-18.5C810.2,18.1,775.7,67.3,734,67.3z\"\/>\n\t<path class=\"elementor-shape-fill\" d=\"M766.1,28.9c-200-57.5-266,65.5-395.1,19.5C242,1.8,242,5.4,184.8,20.6C128,35.8,132.3,44.9,89.9,52.5C28.6,63.7,0,0,0,0 h1000c0,0-9.9,40.9-83.6,48.1S829.6,47,766.1,28.9z\"\/>\n<\/svg>\t\t<\/div>\n\t\t<div class=\"elementor-element elementor-element-a434f01 e-flex e-con-boxed e-con e-child\" data-id=\"a434f01\" data-element_type=\"container\" data-e-type=\"container\">\n\t\t\t\t\t<div class=\"e-con-inner\">\n\t\t\t\t<div class=\"elementor-element elementor-element-cd46908 elementor-widget elementor-widget-heading\" data-id=\"cd46908\" data-element_type=\"widget\" data-e-type=\"widget\" data-widget_type=\"heading.default\">\n\t\t\t\t<div class=\"elementor-widget-container\">\n\t\t\t\t\t<h2 class=\"elementor-heading-title elementor-size-default\">Do\u0142\u0105cz do nas!<\/h2>\t\t\t\t<\/div>\n\t\t\t\t<\/div>\n\t\t\t\t\t<\/div>\n\t\t\t\t<\/div>\n\t\t\t\t\t<\/div>\n\t\t\t\t<\/div>\n\t\t\t\t<\/div>\n\t\t","protected":false},"excerpt":{"rendered":"<p>O nas Po\u0142\u0105czy\u0142 nas pasjonuj\u0105cy cel, jakim jest stworzenie skutecznego, automatycznego analizatora emocji w tek\u015bcie pisanym. Emocje istniej\u0105 tyle, ile istnieje cz\u0142owiek. Z cierpliwo\u015bci\u0105 i skrupulatno\u015bci\u0105 badaczy (lingwist\u00f3w, psycholog\u00f3w, kognitywist\u00f3w), zaci\u0119to\u015bci\u0105 i elastyczno\u015bci\u0105 biznesow\u0105, przy wsparciu do\u015bwiadczonego zespo\u0142u developer\u00f3w dopi\u0119li\u015bmy swego \u2013 powsta\u0142y nasze narz\u0119dzia. Emocje wp\u0142ywaj\u0105 na kursy instrument\u00f3w finansowych, a kursy na strategie [&hellip;]<\/p>\n","protected":false},"author":2,"featured_media":0,"parent":0,"menu_order":0,"comment_status":"closed","ping_status":"closed","template":"","meta":{"inline_featured_image":false,"footnotes":""},"class_list":["post-5956","page","type-page","status-publish","hentry"],"aioseo_notices":[],"_links":{"self":[{"href":"https:\/\/sentistocks.com\/pl\/wp-json\/wp\/v2\/pages\/5956","targetHints":{"allow":["GET"]}}],"collection":[{"href":"https:\/\/sentistocks.com\/pl\/wp-json\/wp\/v2\/pages"}],"about":[{"href":"https:\/\/sentistocks.com\/pl\/wp-json\/wp\/v2\/types\/page"}],"author":[{"embeddable":true,"href":"https:\/\/sentistocks.com\/pl\/wp-json\/wp\/v2\/users\/2"}],"replies":[{"embeddable":true,"href":"https:\/\/sentistocks.com\/pl\/wp-json\/wp\/v2\/comments?post=5956"}],"version-history":[{"count":16,"href":"https:\/\/sentistocks.com\/pl\/wp-json\/wp\/v2\/pages\/5956\/revisions"}],"predecessor-version":[{"id":12905,"href":"https:\/\/sentistocks.com\/pl\/wp-json\/wp\/v2\/pages\/5956\/revisions\/12905"}],"wp:attachment":[{"href":"https:\/\/sentistocks.com\/pl\/wp-json\/wp\/v2\/media?parent=5956"}],"curies":[{"name":"wp","href":"https:\/\/api.w.org\/{rel}","templated":true}]}}